{"id":8418,"date":"2025-08-02T21:18:54","date_gmt":"2025-08-02T19:18:54","guid":{"rendered":"https:\/\/serbis.es\/municipios\/?page_id=8418"},"modified":"2025-08-02T21:37:56","modified_gmt":"2025-08-02T19:37:56","slug":"resultados-evaluacion-de-aspectos-ambientales","status":"publish","type":"page","link":"https:\/\/serbis.es\/municipios\/resultados-evaluacion-de-aspectos-ambientales\/","title":{"rendered":"Resultados Evaluaci\u00f3n de Aspectos Ambientales"},"content":{"rendered":"\t\t<div data-elementor-type=\"wp-page\" data-elementor-id=\"8418\" class=\"elementor elementor-8418\">\n\t\t\t\t\t\t\t\t\t<section class=\"elementor-section elementor-top-section elementor-element elementor-element-0cfbf66 elementor-section-boxed elementor-section-height-default elementor-section-height-default\" data-id=\"0cfbf66\" data-element_type=\"section\">\n\t\t\t\t\t\t<div class=\"elementor-container elementor-column-gap-default\">\n\t\t\t\t\t<div class=\"elementor-column elementor-col-100 elementor-top-column elementor-element elementor-element-a406638\" data-id=\"a406638\" data-element_type=\"column\">\n\t\t\t<div class=\"elementor-widget-wrap elementor-element-populated\">\n\t\t\t\t\t\t\t\t<div class=\"elementor-element elementor-element-77a52b6 elementor-widget elementor-widget-text-editor\" data-id=\"77a52b6\" data-element_type=\"widget\" data-widget_type=\"text-editor.default\">\n\t\t\t\t<div class=\"elementor-widget-container\">\n\t\t\t<style>\/*! elementor - v3.14.0 - 26-06-2023 *\/\n.elementor-widget-text-editor.elementor-drop-cap-view-stacked .elementor-drop-cap{background-color:#69727d;color:#fff}.elementor-widget-text-editor.elementor-drop-cap-view-framed .elementor-drop-cap{color:#69727d;border:3px solid;background-color:transparent}.elementor-widget-text-editor:not(.elementor-drop-cap-view-default) .elementor-drop-cap{margin-top:8px}.elementor-widget-text-editor:not(.elementor-drop-cap-view-default) .elementor-drop-cap-letter{width:1em;height:1em}.elementor-widget-text-editor .elementor-drop-cap{float:left;text-align:center;line-height:1;font-size:50px}.elementor-widget-text-editor .elementor-drop-cap-letter{display:inline-block}<\/style>\t\t\t\t<p><b>VIGENCIA 2024<\/b><\/p><p>La informaci\u00f3n presentada a continuaci\u00f3n, corresponde a la evaluaci\u00f3n de los aspectos e impactos ambientales elaborada para la vigencia 2024, teniendo presente que, por ser el primer ejercicio, algunos de los datos no cuentan con mediciones del a\u00f1o 2023, por lo que se espera que, para el a\u00f1o siguiente, estos valores podr\u00edan variar significativamente.<\/p><p style=\"font-weight: 400;\">En este documento revisamos los aspectos ambientales de la organizaci\u00f3n, tanto en situaciones normales como en condiciones de emergencia en la oficina y en la prestaci\u00f3n de servicio.<\/p><p style=\"font-weight: 400;\">Se ha realizado la evaluaci\u00f3n de aspectos ambientales el 7\/02\/2025 con base en los datos de consumo de 2024, que es el periodo de evaluaci\u00f3n.<\/p><p style=\"font-weight: 400;\">Los aspectos ambientales significativos directos\/Indirectos con calificaci\u00f3n superior a 15 actualmente son:<\/p><ul style=\"font-weight: 400;\"><li>Consumo de recursos. Agua (Oficina) (Directo)<\/li><li>Consumo de recursos. Agua (Obra) (Directo)<\/li><li>Consumo de recursos. Electricidad (Directo)<\/li><li>Consumo de recursos. Combustible (Directo)<\/li><li>Emisiones.\u00a0 (Directo)<\/li><li>Vertidos al alcantarillado de sustancias peligrosas o no peligrosas por parte de terceros (obra) (Indirecto)<\/li><\/ul><p>Los aspectos ambientales que se consideran no significativos con calificaci\u00f3n inferior a 15 actualmente son:<\/p><ul style=\"font-weight: 400;\"><li>Consumo de recursos. Pilas<\/li><li>Consumo de recursos. Papel y Cart\u00f3n<\/li><li>Consumo de recursos. T\u00f3ner<\/li><li>Consumo de recursos. Productos de limpieza<\/li><li>Vertidos. Aguas residuales<\/li><li>Ruidos<\/li><li>Residuos urbanos. Envases.<\/li><li>Residuos urbanos. Org\u00e1nicos<\/li><li>Residuos inertes. Mobiliario obsoleto<\/li><li>Residuos Peligrosos. Equipos el\u00e9ctricos y \/ o electr\u00f3nicos<\/li><li>Residuos Urbanos. Medicamentos Caducados<\/li><li>Residuos Peligrosos. Aceite de veh\u00edculos (Indirecto)<\/li><li>Vertidos: Lodos (Indirecto)<\/li><li>Residuos: Escombros (Indirecto)<\/li><\/ul><p>Lo anterior, se puede resumir en la siguiente gr\u00e1fica:<\/p>\t\t\t\t\t\t<\/div>\n\t\t\t\t<\/div>\n\t\t\t\t<div class=\"elementor-element elementor-element-a9733f2 elementor-widget elementor-widget-image\" data-id=\"a9733f2\" data-element_type=\"widget\" data-widget_type=\"image.default\">\n\t\t\t\t<div class=\"elementor-widget-container\">\n\t\t\t<style>\/*! elementor - v3.14.0 - 26-06-2023 *\/\n.elementor-widget-image{text-align:center}.elementor-widget-image a{display:inline-block}.elementor-widget-image a img[src$=\".svg\"]{width:48px}.elementor-widget-image img{vertical-align:middle;display:inline-block}<\/style>\t\t\t\t\t\t\t\t\t\t\t\t<img loading=\"lazy\" decoding=\"async\" width=\"752\" height=\"448\" src=\"https:\/\/serbis.es\/municipios\/wp-content\/uploads\/2025\/08\/aspectos-ambientales.png\" class=\"attachment-large size-large wp-image-8426\" alt=\"\" srcset=\"https:\/\/serbis.es\/municipios\/wp-content\/uploads\/2025\/08\/aspectos-ambientales.png 752w, https:\/\/serbis.es\/municipios\/wp-content\/uploads\/2025\/08\/aspectos-ambientales-300x179.png 300w\" sizes=\"auto, (max-width: 752px) 100vw, 752px\" \/>\t\t\t\t\t\t\t\t\t\t\t\t\t\t\t<\/div>\n\t\t\t\t<\/div>\n\t\t\t\t<div class=\"elementor-element elementor-element-1882a6a elementor-widget elementor-widget-text-editor\" data-id=\"1882a6a\" data-element_type=\"widget\" data-widget_type=\"text-editor.default\">\n\t\t\t\t<div class=\"elementor-widget-container\">\n\t\t\t\t\t\t\t<p style=\"font-weight: 400;\">Se puede observar que, de los 20 aspectos directos e indirectos identificados, el 30% corresponde a aspectos significativos, los cuales se pretenden reducir para el periodo siguiente.\u00a0 Es de aclarar que un aspecto ambiental significativo es considerado de especial relevancia por sus impactos sobre el medio ambiente que regularmente son negativos y que, aunque los otros no sean significativos, no dejan de ser objeto de seguimiento y medici\u00f3n.<\/p><p style=\"font-weight: 400;\">En el cuadro de indicadores, se puede ver la evoluci\u00f3n de los consumos desde 2024 y hasta el mes de junio de 2025. A continuaci\u00f3n, hacemos un repaso de la evoluci\u00f3n de estos:<\/p>\t\t\t\t\t\t<\/div>\n\t\t\t\t<\/div>\n\t\t\t\t<div class=\"elementor-element elementor-element-0c7bb11 elementor-widget elementor-widget-image\" data-id=\"0c7bb11\" data-element_type=\"widget\" data-widget_type=\"image.default\">\n\t\t\t\t<div class=\"elementor-widget-container\">\n\t\t\t\t\t\t\t\t\t\t\t\t\t\t\t<img loading=\"lazy\" decoding=\"async\" width=\"1024\" height=\"596\" src=\"https:\/\/serbis.es\/municipios\/wp-content\/uploads\/2025\/08\/consumo-electricidad-1024x596.png\" class=\"attachment-large size-large wp-image-8427\" alt=\"\" srcset=\"https:\/\/serbis.es\/municipios\/wp-content\/uploads\/2025\/08\/consumo-electricidad-1024x596.png 1024w, https:\/\/serbis.es\/municipios\/wp-content\/uploads\/2025\/08\/consumo-electricidad-300x175.png 300w, https:\/\/serbis.es\/municipios\/wp-content\/uploads\/2025\/08\/consumo-electricidad-768x447.png 768w, https:\/\/serbis.es\/municipios\/wp-content\/uploads\/2025\/08\/consumo-electricidad.png 1170w\" sizes=\"auto, (max-width: 1024px) 100vw, 1024px\" \/>\t\t\t\t\t\t\t\t\t\t\t\t\t\t\t<\/div>\n\t\t\t\t<\/div>\n\t\t\t\t<div class=\"elementor-element elementor-element-37b7799 elementor-widget elementor-widget-text-editor\" data-id=\"37b7799\" data-element_type=\"widget\" data-widget_type=\"text-editor.default\">\n\t\t\t\t<div class=\"elementor-widget-container\">\n\t\t\t\t\t\t\t<p style=\"font-weight: 400;\">Para 2024 se puede observar una curva en el consumo, alcanzando los picos m\u00e1s altos en los primeros tres meses del a\u00f1o, con un pico en agosto y otro hacia diciembre y contin\u00faa creciendo enero y febrero de 2025; esto se debe, a que entre diciembre, enero y febrero se hace uso de la calefacci\u00f3n, por ser los meses m\u00e1s fr\u00edos del a\u00f1o y se requiere mantener en condiciones c\u00e1lidas las oficinas y para el mes de agosto es pleno verano, se requiere el uso de aires acondicionados para mantener frescas las oficinas; para el resto de meses el consumo energ\u00e9tico se reduce, ya que no se requiere el uso de aparatos t\u00e9rmicos para realizar el trabajo.<\/p><p style=\"font-weight: 400;\">El consumo de electricidad en la prestaci\u00f3n de servicio no es posible medirlo ni estimarlo por la variedad de obras y mantenimiento distintos, adem\u00e1s el porcentaje de consumo es muy bajo, por lo que es poco significativo para medirlo.<\/p>\t\t\t\t\t\t<\/div>\n\t\t\t\t<\/div>\n\t\t\t\t<div class=\"elementor-element elementor-element-b8c4d14 elementor-widget elementor-widget-image\" data-id=\"b8c4d14\" data-element_type=\"widget\" data-widget_type=\"image.default\">\n\t\t\t\t<div class=\"elementor-widget-container\">\n\t\t\t\t\t\t\t\t\t\t\t\t\t\t\t<img loading=\"lazy\" decoding=\"async\" width=\"864\" height=\"491\" src=\"https:\/\/serbis.es\/municipios\/wp-content\/uploads\/2025\/08\/consumo-de-agua.png\" class=\"attachment-large size-large wp-image-8440\" alt=\"\" srcset=\"https:\/\/serbis.es\/municipios\/wp-content\/uploads\/2025\/08\/consumo-de-agua.png 864w, https:\/\/serbis.es\/municipios\/wp-content\/uploads\/2025\/08\/consumo-de-agua-300x170.png 300w, https:\/\/serbis.es\/municipios\/wp-content\/uploads\/2025\/08\/consumo-de-agua-768x436.png 768w\" sizes=\"auto, (max-width: 864px) 100vw, 864px\" \/>\t\t\t\t\t\t\t\t\t\t\t\t\t\t\t<\/div>\n\t\t\t\t<\/div>\n\t\t\t\t<div class=\"elementor-element elementor-element-1beb4c7 elementor-widget elementor-widget-text-editor\" data-id=\"1beb4c7\" data-element_type=\"widget\" data-widget_type=\"text-editor.default\">\n\t\t\t\t<div class=\"elementor-widget-container\">\n\t\t\t\t\t\t\t<p style=\"font-weight: 400;\">La facturaci\u00f3n del servicio de agua se recibe de forma bimensual, de all\u00ed el comportamiento en el gr\u00e1fico.\u00a0 Se puede observar un consumo de agua que oscila alrededor de 44 metros c\u00fabicos al mes, considerado alto, ya que es solo para labores de limpieza y servicio de aseos.\u00a0<\/p><p style=\"font-weight: 400;\">El consumo agua, al igual que la electricidad en la prestaci\u00f3n de servicio no es posible medirlo ni estimarlo por la variedad de obras y mantenimiento distintos y el porcentaje tan bajo que representa nuestro consumo.<\/p><p style=\"font-weight: 400;\"><strong><u>Consumo de Gasoil De Veh\u00edculos<\/u><\/strong><\/p>\t\t\t\t\t\t<\/div>\n\t\t\t\t<\/div>\n\t\t\t\t<div class=\"elementor-element elementor-element-4b83b67 elementor-widget elementor-widget-image\" data-id=\"4b83b67\" data-element_type=\"widget\" data-widget_type=\"image.default\">\n\t\t\t\t<div class=\"elementor-widget-container\">\n\t\t\t\t\t\t\t\t\t\t\t\t\t\t\t<img loading=\"lazy\" decoding=\"async\" width=\"1024\" height=\"571\" src=\"https:\/\/serbis.es\/municipios\/wp-content\/uploads\/2025\/08\/consumo-gasoil-vehiculos-1024x571.png\" class=\"attachment-large size-large wp-image-8444\" alt=\"\" srcset=\"https:\/\/serbis.es\/municipios\/wp-content\/uploads\/2025\/08\/consumo-gasoil-vehiculos-1024x571.png 1024w, https:\/\/serbis.es\/municipios\/wp-content\/uploads\/2025\/08\/consumo-gasoil-vehiculos-300x167.png 300w, https:\/\/serbis.es\/municipios\/wp-content\/uploads\/2025\/08\/consumo-gasoil-vehiculos-768x428.png 768w, https:\/\/serbis.es\/municipios\/wp-content\/uploads\/2025\/08\/consumo-gasoil-vehiculos.png 1174w\" sizes=\"auto, (max-width: 1024px) 100vw, 1024px\" \/>\t\t\t\t\t\t\t\t\t\t\t\t\t\t\t<\/div>\n\t\t\t\t<\/div>\n\t\t\t\t<div class=\"elementor-element elementor-element-b2b23e3 elementor-widget elementor-widget-text-editor\" data-id=\"b2b23e3\" data-element_type=\"widget\" data-widget_type=\"text-editor.default\">\n\t\t\t\t<div class=\"elementor-widget-container\">\n\t\t\t\t\t\t\t<p style=\"font-weight: 400;\">Se cuenta con una l\u00ednea base de consumo promedio mensual en 2024 que se ubica en los 1000 litros.\u00a0 En lo corrido de 2025, este dato tiene el mismo comportamiento y el cual es usado para alimentar los veh\u00edculos de la empresa para el desplazamiento de personal, maquinaria e insumos al momento de la prestaci\u00f3n de un servicio o la construcci\u00f3n de una obra.<\/p><p style=\"font-weight: 400;\"><strong><u>Consumo de copias e impresiones<\/u><\/strong><\/p>\t\t\t\t\t\t<\/div>\n\t\t\t\t<\/div>\n\t\t\t\t<div class=\"elementor-element elementor-element-56ae90f elementor-widget elementor-widget-image\" data-id=\"56ae90f\" data-element_type=\"widget\" data-widget_type=\"image.default\">\n\t\t\t\t<div class=\"elementor-widget-container\">\n\t\t\t\t\t\t\t\t\t\t\t\t\t\t\t<img loading=\"lazy\" decoding=\"async\" width=\"1024\" height=\"686\" src=\"https:\/\/serbis.es\/municipios\/wp-content\/uploads\/2025\/08\/consumo-de-copias-e-impresiones-1024x686.png\" class=\"attachment-large size-large wp-image-8448\" alt=\"\" srcset=\"https:\/\/serbis.es\/municipios\/wp-content\/uploads\/2025\/08\/consumo-de-copias-e-impresiones-1024x686.png 1024w, https:\/\/serbis.es\/municipios\/wp-content\/uploads\/2025\/08\/consumo-de-copias-e-impresiones-300x201.png 300w, https:\/\/serbis.es\/municipios\/wp-content\/uploads\/2025\/08\/consumo-de-copias-e-impresiones-768x514.png 768w, https:\/\/serbis.es\/municipios\/wp-content\/uploads\/2025\/08\/consumo-de-copias-e-impresiones.png 1069w\" sizes=\"auto, (max-width: 1024px) 100vw, 1024px\" \/>\t\t\t\t\t\t\t\t\t\t\t\t\t\t\t<\/div>\n\t\t\t\t<\/div>\n\t\t\t\t<div class=\"elementor-element elementor-element-fca0ca2 elementor-widget elementor-widget-text-editor\" data-id=\"fca0ca2\" data-element_type=\"widget\" data-widget_type=\"text-editor.default\">\n\t\t\t\t<div class=\"elementor-widget-container\">\n\t\t\t\t\t\t\t<p style=\"font-weight: 400;\">Una de las metas para 2025 es la reducci\u00f3n de impresiones y fotocopias, ya que se pretende implementar la facturaci\u00f3n y otros documentos de forma digital, ya que como se puede observar, durante 2024, se realiz\u00f3 un consumo promedio de 1178 impresiones de forma mensual, por lo que se pretende resaltar nuestro compromiso con el medio ambiente, reduciendo el consumo de papel e impresiones para este a\u00f1o.<\/p><p style=\"font-weight: 400;\">El 28 de marzo de 2025, se llevaron a cabo cuatro simulacros ambientales siendo: incendio, inundaci\u00f3n, fuga de gas y\u00a0derrames de sustancias peligrosas, los cuales resultaron efectivos, por lo que el plan de emergencias establecido se considera adecuado y conforme para su implantaci\u00f3n.<\/p><p style=\"font-weight: 400;\">Para el mes de octubre se tiene considerado seg\u00fan el Programa anual de simulacros de emergencia 2025, realizar los simulacros de derrumbe y accidente de tr\u00e1fico, los cuales requiere una preparaci\u00f3n espec\u00edfica.<\/p><p style=\"font-weight: 400;\">La empresa no genera residuos peligrosos y los no peligrosos generados, son en oficina y m\u00ednimos, equiparados como consumo dom\u00e9stico, lo que no requiere contratar un gestor autorizado, ya que se disponen en los contenedores del ayuntamiento.<\/p><p style=\"font-weight: 400;\">Este documento se ha presentado a la Alta Direcci\u00f3n de SERBIS el 18 de julio de 2025 y asistieron a su socializaci\u00f3n quienes se relacionan en la respectiva asistencia.<\/p><p style=\"font-weight: 400;\">La puesta a disposici\u00f3n de este documento se realizar\u00e1 mediante la p\u00e1gina web para todas las partes interesadas; sin embargo, a nivel interno, ser\u00e1 publicado en los tablones de anuncios de la empresa.<\/p>\t\t\t\t\t\t<\/div>\n\t\t\t\t<\/div>\n\t\t\t\t\t<\/div>\n\t\t<\/div>\n\t\t\t\t\t\t\t<\/div>\n\t\t<\/section>\n\t\t\t\t\t\t\t<\/div>\n\t\t","protected":false},"excerpt":{"rendered":"<p>VIGENCIA 2024 La informaci\u00f3n presentada a continuaci\u00f3n, corresponde a la evaluaci\u00f3n de los aspectos e impactos ambientales elaborada para la vigencia 2024, teniendo presente que, por ser el primer ejercicio, algunos de los datos no cuentan con mediciones del a\u00f1o 2023, por lo que se espera que, para el a\u00f1o siguiente, estos valores podr\u00edan variar [&hellip;]<\/p>\n","protected":false},"author":1,"featured_media":0,"parent":0,"menu_order":0,"comment_status":"closed","ping_status":"open","template":"","meta":{"_monsterinsights_skip_tracking":false,"_monsterinsights_sitenote_active":false,"_monsterinsights_sitenote_note":"","_monsterinsights_sitenote_category":0,"footnotes":""},"class_list":["post-8418","page","type-page","status-publish","hentry"],"_links":{"self":[{"href":"https:\/\/serbis.es\/municipios\/wp-json\/wp\/v2\/pages\/8418","targetHints":{"allow":["GET"]}}],"collection":[{"href":"https:\/\/serbis.es\/municipios\/wp-json\/wp\/v2\/pages"}],"about":[{"href":"https:\/\/serbis.es\/municipios\/wp-json\/wp\/v2\/types\/page"}],"author":[{"embeddable":true,"href":"https:\/\/serbis.es\/municipios\/wp-json\/wp\/v2\/users\/1"}],"replies":[{"embeddable":true,"href":"https:\/\/serbis.es\/municipios\/wp-json\/wp\/v2\/comments?post=8418"}],"version-history":[{"count":31,"href":"https:\/\/serbis.es\/municipios\/wp-json\/wp\/v2\/pages\/8418\/revisions"}],"predecessor-version":[{"id":8454,"href":"https:\/\/serbis.es\/municipios\/wp-json\/wp\/v2\/pages\/8418\/revisions\/8454"}],"wp:attachment":[{"href":"https:\/\/serbis.es\/municipios\/wp-json\/wp\/v2\/media?parent=8418"}],"curies":[{"name":"wp","href":"https:\/\/api.w.org\/{rel}","templated":true}]}}