{"id":7344,"date":"2023-12-17T13:07:47","date_gmt":"2023-12-17T12:07:47","guid":{"rendered":"https:\/\/serbis.es\/municipios\/?page_id=7344"},"modified":"2025-09-25T16:26:43","modified_gmt":"2025-09-25T14:26:43","slug":"poceria-y-desatrancos-en-majadahonda","status":"publish","type":"page","link":"https:\/\/serbis.es\/municipios\/poceria-y-desatrancos-en-majadahonda\/","title":{"rendered":"Pocer\u00eda y desatrancos en Majadahonda"},"content":{"rendered":"\t\t<div data-elementor-type=\"wp-page\" data-elementor-id=\"7344\" class=\"elementor elementor-7344\">\n\t\t\t\t\t\t\t\t\t<section class=\"elementor-section elementor-top-section elementor-element elementor-element-8bd83c7 elementor-section-full_width elementor-section-height-default elementor-section-height-default\" data-id=\"8bd83c7\" data-element_type=\"section\">\n\t\t\t\t\t\t<div class=\"elementor-container elementor-column-gap-no\">\n\t\t\t\t\t<div class=\"elementor-column elementor-col-100 elementor-top-column elementor-element elementor-element-0437c7a\" data-id=\"0437c7a\" data-element_type=\"column\">\n\t\t\t<div class=\"elementor-widget-wrap\">\n\t\t\t\t\t\t\t\t\t<\/div>\n\t\t<\/div>\n\t\t\t\t\t\t\t<\/div>\n\t\t<\/section>\n\t\t\t\t<section class=\"elementor-section elementor-top-section elementor-element elementor-element-0032eea elementor-section-boxed elementor-section-height-default elementor-section-height-default\" data-id=\"0032eea\" data-element_type=\"section\">\n\t\t\t\t\t\t<div class=\"elementor-container elementor-column-gap-default\">\n\t\t\t\t\t<div class=\"elementor-column elementor-col-66 elementor-top-column elementor-element elementor-element-f5ce66f\" data-id=\"f5ce66f\" data-element_type=\"column\">\n\t\t\t<div class=\"elementor-widget-wrap elementor-element-populated\">\n\t\t\t\t\t\t\t\t<div class=\"elementor-element elementor-element-9c451da elementor-widget elementor-widget-heading\" data-id=\"9c451da\" data-element_type=\"widget\" data-widget_type=\"heading.default\">\n\t\t\t\t<div class=\"elementor-widget-container\">\n\t\t\t<style>\/*! elementor - v3.14.0 - 26-06-2023 *\/\n.elementor-heading-title{padding:0;margin:0;line-height:1}.elementor-widget-heading .elementor-heading-title[class*=elementor-size-]>a{color:inherit;font-size:inherit;line-height:inherit}.elementor-widget-heading .elementor-heading-title.elementor-size-small{font-size:15px}.elementor-widget-heading .elementor-heading-title.elementor-size-medium{font-size:19px}.elementor-widget-heading .elementor-heading-title.elementor-size-large{font-size:29px}.elementor-widget-heading .elementor-heading-title.elementor-size-xl{font-size:39px}.elementor-widget-heading .elementor-heading-title.elementor-size-xxl{font-size:59px}<\/style><h1 class=\"elementor-heading-title elementor-size-default\">Pocer\u00eda y desatrancos en Majadahonda<\/h1>\t\t<\/div>\n\t\t\t\t<\/div>\n\t\t\t\t<div class=\"elementor-element elementor-element-ff48d49 elementor-widget elementor-widget-image\" data-id=\"ff48d49\" data-element_type=\"widget\" data-widget_type=\"image.default\">\n\t\t\t\t<div class=\"elementor-widget-container\">\n\t\t\t<style>\/*! elementor - v3.14.0 - 26-06-2023 *\/\n.elementor-widget-image{text-align:center}.elementor-widget-image a{display:inline-block}.elementor-widget-image a img[src$=\".svg\"]{width:48px}.elementor-widget-image img{vertical-align:middle;display:inline-block}<\/style>\t\t\t\t\t\t\t\t\t\t\t\t<img loading=\"lazy\" decoding=\"async\" width=\"800\" height=\"650\" src=\"https:\/\/serbis.es\/municipios\/wp-content\/uploads\/2023\/12\/poceria-y-desatrancos-en-majadahonda.jpg\" class=\"attachment-large size-large wp-image-7346\" alt=\"Pocer\u00eda y desatrancos en Majadahonda\" srcset=\"https:\/\/serbis.es\/municipios\/wp-content\/uploads\/2023\/12\/poceria-y-desatrancos-en-majadahonda.jpg 800w, https:\/\/serbis.es\/municipios\/wp-content\/uploads\/2023\/12\/poceria-y-desatrancos-en-majadahonda-300x244.jpg 300w, https:\/\/serbis.es\/municipios\/wp-content\/uploads\/2023\/12\/poceria-y-desatrancos-en-majadahonda-768x624.jpg 768w\" sizes=\"auto, (max-width: 800px) 100vw, 800px\" \/>\t\t\t\t\t\t\t\t\t\t\t\t\t\t\t<\/div>\n\t\t\t\t<\/div>\n\t\t\t\t<div class=\"elementor-element elementor-element-8ef483c elementor-widget elementor-widget-text-editor\" data-id=\"8ef483c\" data-element_type=\"widget\" data-widget_type=\"text-editor.default\">\n\t\t\t\t<div class=\"elementor-widget-container\">\n\t\t\t<style>\/*! elementor - v3.14.0 - 26-06-2023 *\/\n.elementor-widget-text-editor.elementor-drop-cap-view-stacked .elementor-drop-cap{background-color:#69727d;color:#fff}.elementor-widget-text-editor.elementor-drop-cap-view-framed .elementor-drop-cap{color:#69727d;border:3px solid;background-color:transparent}.elementor-widget-text-editor:not(.elementor-drop-cap-view-default) .elementor-drop-cap{margin-top:8px}.elementor-widget-text-editor:not(.elementor-drop-cap-view-default) .elementor-drop-cap-letter{width:1em;height:1em}.elementor-widget-text-editor .elementor-drop-cap{float:left;text-align:center;line-height:1;font-size:50px}.elementor-widget-text-editor .elementor-drop-cap-letter{display:inline-block}<\/style>\t\t\t\tContacta con <strong>Serbis<\/strong> si vives en <strong>Majadahonda<\/strong> y has sufrido un atasco o atranco en una tuber\u00eda, bajante o ca\u00f1er\u00eda. El equipo de profesionales con experiencia de esta empresa madrile\u00f1a acudir\u00e1 a tu vivienda para realizar una inspecci\u00f3n visual gratuita de la aver\u00eda, ofrecerte un <strong>presupuesto detallado y garantizado<\/strong>, sin sorpresas posteriores, y comenzar la reparaci\u00f3n con la mejor tecnolog\u00eda del sector.\n\t\t\t\t\t<\/br><\/br>\n\t\t\t\t\tSerbis trabaja en Majadahonda desde hace ya muchos a\u00f1os, siendo una empresa de <strong>pocer\u00eda<\/strong> con gran experiencia en la zona oeste de la Comunidad de Madrid. Entre los trabajos habituales que Serbis desarrolla en la localidad aparecen desde cambios de bajantes, tuber\u00edas o desag\u00fces, hasta el picado de zanjas, la construcci\u00f3n o reforma de pozos, la reparaci\u00f3n de arquetas y, por supuesto, la realizaci\u00f3n de <strong>desatrancos y desatascos<\/strong>.\n\t\t\t\t\t<\/br><\/br>\n\t\t\t\t\tSerbis ofrece un servicio integral de saneamiento, que abarca la construcci\u00f3n, reparaci\u00f3n y conservaci\u00f3n de la red de saneamiento. Adem\u00e1s, esta empresa madrile\u00f1a de pocer\u00eda atiende <strong>urgencias 24h<\/strong> todos los d\u00edas del a\u00f1o. Para contactar con Serbis s\u00f3lo tiene que llamar al n\u00famero de tel\u00e9fono <strong>91 610 62 53<\/strong> y enviaremos lo m\u00e1s r\u00e1pido posible aun equipo de expertos para evaluar el coste de la aver\u00eda. Nuestro lema es <strong>transparencia, eficacia y seriedad<\/strong>, porque en Serbis no descansamos nunca para que las aguas sigan su cauce.\n\t\t\t\t\t<\/br><\/br>\n\t\t\t\t\tTodos los trabajos efectuados por Serbis cumplen los correspondientes <strong>requisitos legales<\/strong> del sector del saneamiento y alcantarillado. Adem\u00e1s, tramitamos para nuestros clientes todos los documentos necesarios para poder iniciar cualquier tipo de obra o  reparaci\u00f3n, lo que incluye la puesta en marcha de <strong>proyectos y licencias<\/strong> de acometidas y alcantarillado. Adem\u00e1s, Serbis es l\u00edder en la Comunidad de Madrid en acometidas de saneamiento, contando sus trabajos con un 100% de certificados de idoneidad expedidos por el <strong>Canal de Isabel II<\/strong>.\t\t\t\t\t\t<\/div>\n\t\t\t\t<\/div>\n\t\t\t\t<section class=\"elementor-section elementor-inner-section elementor-element elementor-element-53b30dd elementor-section-boxed elementor-section-height-default elementor-section-height-default\" data-id=\"53b30dd\" data-element_type=\"section\" data-settings=\"{&quot;background_background&quot;:&quot;classic&quot;}\">\n\t\t\t\t\t\t<div class=\"elementor-container elementor-column-gap-default\">\n\t\t\t\t\t<div class=\"elementor-column elementor-col-100 elementor-inner-column elementor-element elementor-element-c6dc689\" data-id=\"c6dc689\" data-element_type=\"column\">\n\t\t\t<div class=\"elementor-widget-wrap elementor-element-populated\">\n\t\t\t\t\t\t\t\t<div class=\"elementor-element elementor-element-281b377 elementor-align-center elementor-widget elementor-widget-button\" data-id=\"281b377\" data-element_type=\"widget\" data-widget_type=\"button.default\">\n\t\t\t\t<div class=\"elementor-widget-container\">\n\t\t\t\t\t<div class=\"elementor-button-wrapper\">\n\t\t\t<a class=\"elementor-button elementor-button-link elementor-size-sm\" href=\"https:\/\/serbis.es\/municipios\/donde-actuamos\">\n\t\t\t\t\t\t<span class=\"elementor-button-content-wrapper\">\n\t\t\t\t\t\t<span class=\"elementor-button-text\">Volver donde actuamos<\/span>\n\t\t<\/span>\n\t\t\t\t\t<\/a>\n\t\t<\/div>\n\t\t\t\t<\/div>\n\t\t\t\t<\/div>\n\t\t\t\t\t<\/div>\n\t\t<\/div>\n\t\t\t\t\t\t\t<\/div>\n\t\t<\/section>\n\t\t\t\t\t<\/div>\n\t\t<\/div>\n\t\t\t\t<div class=\"elementor-column elementor-col-33 elementor-top-column elementor-element elementor-element-23556ec\" data-id=\"23556ec\" data-element_type=\"column\">\n\t\t\t<div class=\"elementor-widget-wrap elementor-element-populated\">\n\t\t\t\t\t\t\t\t<section class=\"elementor-section elementor-inner-section elementor-element elementor-element-9348d48 elementor-section-boxed elementor-section-height-default elementor-section-height-default\" data-id=\"9348d48\" data-element_type=\"section\" data-settings=\"{&quot;background_background&quot;:&quot;classic&quot;}\">\n\t\t\t\t\t\t<div class=\"elementor-container elementor-column-gap-default\">\n\t\t\t\t\t<div class=\"elementor-column elementor-col-100 elementor-inner-column elementor-element elementor-element-9b90735\" data-id=\"9b90735\" data-element_type=\"column\">\n\t\t\t<div class=\"elementor-widget-wrap elementor-element-populated\">\n\t\t\t\t\t\t\t\t<div class=\"elementor-element elementor-element-e0f36dd style-two-call elementor-widget elementor-widget-calltoaction\" data-id=\"e0f36dd\" data-element_type=\"widget\" data-widget_type=\"calltoaction.default\">\n\t\t\t\t<div class=\"elementor-widget-container\">\n\t\t\t\n\t\t\n\t\t\t<div class=\"call-to-action style-one\">\n\t\t\t\t<div class=\"call-to-video\">\n\n\t\t\t\t\t\n\t\t\t\t<\/div>\n\n\t\t\t\t<div class=\"single_call-to-action_text\">\n\t\t\t\t\t<div class=\"call-to-action_top_text\">\n\t\t\t\t\t\t<div class=\"call-to-action-title\">\n\t\t\t\t\t\t\t<span class=\"subtitlespan\"><h3><\/h3><\/span>\n\t\t\t\t\t\t\t<h2>\u00bfTienes alguna duda? <br> \u00a1\u00a1Ll\u00e1manos!!<\/h2>\n\t\t\t\t\t\t<\/div>\n\t\t\t\t\t<\/div>\n\t\t\t\t\t<div class=\"call-to-action-inner\">\t\t\t\t\n\t\t\t\t\t\t<div class=\"call-to-action-desc\">\n\t\t\t\t\t\t\t<p>91  610 62 53<\/p>\n\t\t\t\t\t\t<\/div>\t\t\t\t\t\t\n\t\t\t\t\t<\/div>\n\n\t\t\t\t\t\t\t\t\t<\/div>\n\t\t\t<\/div>\n\n\t\t\n\t\t\t\t<\/div>\n\t\t\t\t<\/div>\n\t\t\t\t\t<\/div>\n\t\t<\/div>\n\t\t\t\t\t\t\t<\/div>\n\t\t<\/section>\n\t\t\t\t<section class=\"elementor-section elementor-inner-section elementor-element elementor-element-289b141 elementor-section-boxed elementor-section-height-default elementor-section-height-default\" data-id=\"289b141\" data-element_type=\"section\" data-settings=\"{&quot;background_background&quot;:&quot;classic&quot;}\">\n\t\t\t\t\t\t<div class=\"elementor-container elementor-column-gap-default\">\n\t\t\t\t\t<div class=\"elementor-column elementor-col-100 elementor-inner-column elementor-element elementor-element-988ad2e\" data-id=\"988ad2e\" data-element_type=\"column\">\n\t\t\t<div class=\"elementor-widget-wrap elementor-element-populated\">\n\t\t\t\t\t\t\t\t<div class=\"elementor-element elementor-element-ad42283 elementor-widget elementor-widget-heading\" data-id=\"ad42283\" data-element_type=\"widget\" data-widget_type=\"heading.default\">\n\t\t\t\t<div class=\"elementor-widget-container\">\n\t\t\t<h2 class=\"elementor-heading-title elementor-size-default\">Otros servicios<\/h2>\t\t<\/div>\n\t\t\t\t<\/div>\n\t\t\t\t<div class=\"elementor-element elementor-element-9aace15 elementor-icon-list--layout-traditional elementor-list-item-link-full_width elementor-widget elementor-widget-icon-list\" data-id=\"9aace15\" data-element_type=\"widget\" data-widget_type=\"icon-list.default\">\n\t\t\t\t<div class=\"elementor-widget-container\">\n\t\t\t<link rel=\"stylesheet\" href=\"https:\/\/serbis.es\/municipios\/wp-content\/plugins\/elementor\/assets\/css\/widget-icon-list.min.css\">\t\t<ul class=\"elementor-icon-list-items\">\n\t\t\t\t\t\t\t<li class=\"elementor-icon-list-item\">\n\t\t\t\t\t\t\t\t\t\t\t<span class=\"elementor-icon-list-icon\">\n\t\t\t\t\t\t\t<i aria-hidden=\"true\" class=\"fas fa-check\"><\/i>\t\t\t\t\t\t<\/span>\n\t\t\t\t\t\t\t\t\t\t<span class=\"elementor-icon-list-text\">Therm-Liner<\/span>\n\t\t\t\t\t\t\t\t\t<\/li>\n\t\t\t\t\t\t\t\t<li class=\"elementor-icon-list-item\">\n\t\t\t\t\t\t\t\t\t\t\t<span class=\"elementor-icon-list-icon\">\n\t\t\t\t\t\t\t<i aria-hidden=\"true\" class=\"fas fa-check\"><\/i>\t\t\t\t\t\t<\/span>\n\t\t\t\t\t\t\t\t\t\t<span class=\"elementor-icon-list-text\">Urgencias e Inundaciones<\/span>\n\t\t\t\t\t\t\t\t\t<\/li>\n\t\t\t\t\t\t\t\t<li class=\"elementor-icon-list-item\">\n\t\t\t\t\t\t\t\t\t\t\t<span class=\"elementor-icon-list-icon\">\n\t\t\t\t\t\t\t<i aria-hidden=\"true\" class=\"fas fa-check\"><\/i>\t\t\t\t\t\t<\/span>\n\t\t\t\t\t\t\t\t\t\t<span class=\"elementor-icon-list-text\">Mantenimientos y Limpiezas<\/span>\n\t\t\t\t\t\t\t\t\t<\/li>\n\t\t\t\t\t\t\t\t<li class=\"elementor-icon-list-item\">\n\t\t\t\t\t\t\t\t\t\t\t<span class=\"elementor-icon-list-icon\">\n\t\t\t\t\t\t\t<i aria-hidden=\"true\" class=\"fas fa-check\"><\/i>\t\t\t\t\t\t<\/span>\n\t\t\t\t\t\t\t\t\t\t<span class=\"elementor-icon-list-text\">Detecci\u00f3n y\/o localizaci\u00f3n de Arquetas y Pozos ocultos<\/span>\n\t\t\t\t\t\t\t\t\t<\/li>\n\t\t\t\t\t\t\t\t<li class=\"elementor-icon-list-item\">\n\t\t\t\t\t\t\t\t\t\t\t<span class=\"elementor-icon-list-icon\">\n\t\t\t\t\t\t\t<i aria-hidden=\"true\" class=\"fas fa-check\"><\/i>\t\t\t\t\t\t<\/span>\n\t\t\t\t\t\t\t\t\t\t<span class=\"elementor-icon-list-text\">Colocaci\u00f3n de tapas de registro<\/span>\n\t\t\t\t\t\t\t\t\t<\/li>\n\t\t\t\t\t\t\t\t<li class=\"elementor-icon-list-item\">\n\t\t\t\t\t\t\t\t\t\t\t<span class=\"elementor-icon-list-icon\">\n\t\t\t\t\t\t\t<i aria-hidden=\"true\" class=\"fas fa-check\"><\/i>\t\t\t\t\t\t<\/span>\n\t\t\t\t\t\t\t\t\t\t<span class=\"elementor-icon-list-text\">Pozos y fosas s\u00e9pticas<\/span>\n\t\t\t\t\t\t\t\t\t<\/li>\n\t\t\t\t\t\t\t\t<li class=\"elementor-icon-list-item\">\n\t\t\t\t\t\t\t\t\t\t\t<span class=\"elementor-icon-list-icon\">\n\t\t\t\t\t\t\t<i aria-hidden=\"true\" class=\"fas fa-check\"><\/i>\t\t\t\t\t\t<\/span>\n\t\t\t\t\t\t\t\t\t\t<span class=\"elementor-icon-list-text\">Inspecciones con C\u00e1maras de TV<\/span>\n\t\t\t\t\t\t\t\t\t<\/li>\n\t\t\t\t\t\t\t\t<li class=\"elementor-icon-list-item\">\n\t\t\t\t\t\t\t\t\t\t\t<span class=\"elementor-icon-list-icon\">\n\t\t\t\t\t\t\t<i aria-hidden=\"true\" class=\"fas fa-check\"><\/i>\t\t\t\t\t\t<\/span>\n\t\t\t\t\t\t\t\t\t\t<span class=\"elementor-icon-list-text\">Rehabilitaciones y Obras<\/span>\n\t\t\t\t\t\t\t\t\t<\/li>\n\t\t\t\t\t\t\t\t<li class=\"elementor-icon-list-item\">\n\t\t\t\t\t\t\t\t\t\t\t<span class=\"elementor-icon-list-icon\">\n\t\t\t\t\t\t\t<i aria-hidden=\"true\" class=\"fas fa-check\"><\/i>\t\t\t\t\t\t<\/span>\n\t\t\t\t\t\t\t\t\t\t<span class=\"elementor-icon-list-text\">Proyectos, licencias y legalizaciones<\/span>\n\t\t\t\t\t\t\t\t\t<\/li>\n\t\t\t\t\t\t<\/ul>\n\t\t\t\t<\/div>\n\t\t\t\t<\/div>\n\t\t\t\t\t<\/div>\n\t\t<\/div>\n\t\t\t\t\t\t\t<\/div>\n\t\t<\/section>\n\t\t\t\t\t<\/div>\n\t\t<\/div>\n\t\t\t\t\t\t\t<\/div>\n\t\t<\/section>\n\t\t\t\t<section class=\"elementor-section elementor-top-section elementor-element elementor-element-9ea9ce0 elementor-section-boxed elementor-section-height-default elementor-section-height-default elementor-invisible\" data-id=\"9ea9ce0\" data-element_type=\"section\" data-settings=\"{&quot;background_background&quot;:&quot;classic&quot;,&quot;animation&quot;:&quot;slideInUp&quot;}\">\n\t\t\t\t\t\t<div class=\"elementor-container elementor-column-gap-default\">\n\t\t\t\t\t<div class=\"elementor-column elementor-col-100 elementor-top-column elementor-element elementor-element-3649d73\" data-id=\"3649d73\" data-element_type=\"column\">\n\t\t\t<div class=\"elementor-widget-wrap elementor-element-populated\">\n\t\t\t\t\t\t\t\t<div class=\"elementor-element elementor-element-70eb25b elementor-widget elementor-widget-calltoaction\" data-id=\"70eb25b\" data-element_type=\"widget\" data-widget_type=\"calltoaction.default\">\n\t\t\t\t<div class=\"elementor-widget-container\">\n\t\t\t\n\t\t\n\t\t\t<div class=\"call-to-action style-one\">\n\t\t\t\t<div class=\"call-to-video\">\n\n\t\t\t\t\t\n\t\t\t\t<\/div>\n\n\t\t\t\t<div class=\"single_call-to-action_text\">\n\t\t\t\t\t<div class=\"call-to-action_top_text\">\n\t\t\t\t\t\t<div class=\"call-to-action-title\">\n\t\t\t\t\t\t\t<span class=\"subtitlespan\"><h3>Contacta con nosotros<\/h3><\/span>\n\t\t\t\t\t\t\t<h2><\/h2>\n\t\t\t\t\t\t<\/div>\n\t\t\t\t\t<\/div>\n\t\t\t\t\t<div class=\"call-to-action-inner\">\t\t\t\t\n\t\t\t\t\t\t<div class=\"call-to-action-desc\">\n\t\t\t\t\t\t\t<p>En Serbis Pocer\u00eda estamos encantados de atenderle. Utilice el siguiente formulario de contacto para solicitarnos cualquier tipo de informaci\u00f3n o plantearnos sus dudas, que responderemos a la mayor brevedad posible.<\/p>\n\t\t\t\t\t\t<\/div>\t\t\t\t\t\t\n\t\t\t\t\t<\/div>\n\n\t\t\t\t\t\t\t\t\t\t<div class=\"call-to-action-btn\">\n\t\t\t\t\t\t<a href=\"https:\/\/serbis.es\/contacto\">Ir al formulario<\/a>\n\t\t\t\t\t<\/div>\n\t\t\t\t\t\t\t\t\t<\/div>\n\t\t\t<\/div>\n\n\t\t\n\t\t\t\t<\/div>\n\t\t\t\t<\/div>\n\t\t\t\t\t<\/div>\n\t\t<\/div>\n\t\t\t\t\t\t\t<\/div>\n\t\t<\/section>\n\t\t\t\t\t\t\t<\/div>\n\t\t","protected":false},"excerpt":{"rendered":"<p>Pocer\u00eda y desatrancos en Majadahonda Contacta con Serbis si vives en Majadahonda y has sufrido un atasco o atranco en una tuber\u00eda, bajante o ca\u00f1er\u00eda. El equipo de profesionales con experiencia de esta empresa madrile\u00f1a acudir\u00e1 a tu vivienda para realizar una inspecci\u00f3n visual gratuita de la aver\u00eda, ofrecerte un presupuesto detallado y garantizado, sin [&hellip;]<\/p>\n","protected":false},"author":1,"featured_media":0,"parent":0,"menu_order":0,"comment_status":"closed","ping_status":"closed","template":"page-templates\/template-default.php","meta":{"_monsterinsights_skip_tracking":false,"_monsterinsights_sitenote_active":false,"_monsterinsights_sitenote_note":"","_monsterinsights_sitenote_category":0,"footnotes":""},"class_list":["post-7344","page","type-page","status-publish","hentry"],"_links":{"self":[{"href":"https:\/\/serbis.es\/municipios\/wp-json\/wp\/v2\/pages\/7344","targetHints":{"allow":["GET"]}}],"collection":[{"href":"https:\/\/serbis.es\/municipios\/wp-json\/wp\/v2\/pages"}],"about":[{"href":"https:\/\/serbis.es\/municipios\/wp-json\/wp\/v2\/types\/page"}],"author":[{"embeddable":true,"href":"https:\/\/serbis.es\/municipios\/wp-json\/wp\/v2\/users\/1"}],"replies":[{"embeddable":true,"href":"https:\/\/serbis.es\/municipios\/wp-json\/wp\/v2\/comments?post=7344"}],"version-history":[{"count":4,"href":"https:\/\/serbis.es\/municipios\/wp-json\/wp\/v2\/pages\/7344\/revisions"}],"predecessor-version":[{"id":7349,"href":"https:\/\/serbis.es\/municipios\/wp-json\/wp\/v2\/pages\/7344\/revisions\/7349"}],"wp:attachment":[{"href":"https:\/\/serbis.es\/municipios\/wp-json\/wp\/v2\/media?parent=7344"}],"curies":[{"name":"wp","href":"https:\/\/api.w.org\/{rel}","templated":true}]}}