{"id":6687,"date":"2023-12-03T13:30:26","date_gmt":"2023-12-03T12:30:26","guid":{"rendered":"https:\/\/serbis.es\/municipios\/?page_id=6687"},"modified":"2025-09-27T21:29:35","modified_gmt":"2025-09-27T19:29:35","slug":"obras-de-poceria-sin-zanjas-en-la-provincia-de-badajoz","status":"publish","type":"page","link":"https:\/\/serbis.es\/municipios\/obras-de-poceria-sin-zanjas-en-la-provincia-de-badajoz\/","title":{"rendered":"Obras de pocer\u00eda sin zanjas en la provincia de Badajoz"},"content":{"rendered":"\t\t<div data-elementor-type=\"wp-page\" data-elementor-id=\"6687\" class=\"elementor elementor-6687\">\n\t\t\t\t\t\t\t\t\t<section class=\"elementor-section elementor-top-section elementor-element elementor-element-8bd83c7 elementor-section-full_width elementor-section-height-default elementor-section-height-default\" data-id=\"8bd83c7\" data-element_type=\"section\">\n\t\t\t\t\t\t<div class=\"elementor-container elementor-column-gap-no\">\n\t\t\t\t\t<div class=\"elementor-column elementor-col-100 elementor-top-column elementor-element elementor-element-0437c7a\" data-id=\"0437c7a\" data-element_type=\"column\">\n\t\t\t<div class=\"elementor-widget-wrap\">\n\t\t\t\t\t\t\t\t\t<\/div>\n\t\t<\/div>\n\t\t\t\t\t\t\t<\/div>\n\t\t<\/section>\n\t\t\t\t<section class=\"elementor-section elementor-top-section elementor-element elementor-element-0032eea elementor-section-boxed elementor-section-height-default elementor-section-height-default\" data-id=\"0032eea\" data-element_type=\"section\">\n\t\t\t\t\t\t<div class=\"elementor-container elementor-column-gap-default\">\n\t\t\t\t\t<div class=\"elementor-column elementor-col-66 elementor-top-column elementor-element elementor-element-f5ce66f\" data-id=\"f5ce66f\" data-element_type=\"column\">\n\t\t\t<div class=\"elementor-widget-wrap elementor-element-populated\">\n\t\t\t\t\t\t\t\t<div class=\"elementor-element elementor-element-9c451da elementor-widget elementor-widget-heading\" data-id=\"9c451da\" data-element_type=\"widget\" data-widget_type=\"heading.default\">\n\t\t\t\t<div class=\"elementor-widget-container\">\n\t\t\t<style>\/*! elementor - v3.14.0 - 26-06-2023 *\/\n.elementor-heading-title{padding:0;margin:0;line-height:1}.elementor-widget-heading .elementor-heading-title[class*=elementor-size-]>a{color:inherit;font-size:inherit;line-height:inherit}.elementor-widget-heading .elementor-heading-title.elementor-size-small{font-size:15px}.elementor-widget-heading .elementor-heading-title.elementor-size-medium{font-size:19px}.elementor-widget-heading .elementor-heading-title.elementor-size-large{font-size:29px}.elementor-widget-heading .elementor-heading-title.elementor-size-xl{font-size:39px}.elementor-widget-heading .elementor-heading-title.elementor-size-xxl{font-size:59px}<\/style><h1 class=\"elementor-heading-title elementor-size-default\">Obras de pocer\u00eda sin zanjas en la provincia de Badajoz<\/h1>\t\t<\/div>\n\t\t\t\t<\/div>\n\t\t\t\t<div class=\"elementor-element elementor-element-ff48d49 elementor-widget elementor-widget-image\" data-id=\"ff48d49\" data-element_type=\"widget\" data-widget_type=\"image.default\">\n\t\t\t\t<div class=\"elementor-widget-container\">\n\t\t\t<style>\/*! elementor - v3.14.0 - 26-06-2023 *\/\n.elementor-widget-image{text-align:center}.elementor-widget-image a{display:inline-block}.elementor-widget-image a img[src$=\".svg\"]{width:48px}.elementor-widget-image img{vertical-align:middle;display:inline-block}<\/style>\t\t\t\t\t\t\t\t\t\t\t\t<img loading=\"lazy\" decoding=\"async\" width=\"800\" height=\"650\" src=\"https:\/\/serbis.es\/municipios\/wp-content\/uploads\/2023\/12\/obras-de-poceria-y-poceria-sin-zanjas-en-la-provincia-de-badajoz.jpg\" class=\"attachment-large size-large wp-image-6689\" alt=\"Obras de pocer\u00eda sin zanjas en la provincia de Badajoz\" srcset=\"https:\/\/serbis.es\/municipios\/wp-content\/uploads\/2023\/12\/obras-de-poceria-y-poceria-sin-zanjas-en-la-provincia-de-badajoz.jpg 800w, https:\/\/serbis.es\/municipios\/wp-content\/uploads\/2023\/12\/obras-de-poceria-y-poceria-sin-zanjas-en-la-provincia-de-badajoz-300x244.jpg 300w, https:\/\/serbis.es\/municipios\/wp-content\/uploads\/2023\/12\/obras-de-poceria-y-poceria-sin-zanjas-en-la-provincia-de-badajoz-768x624.jpg 768w\" sizes=\"auto, (max-width: 800px) 100vw, 800px\" \/>\t\t\t\t\t\t\t\t\t\t\t\t\t\t\t<\/div>\n\t\t\t\t<\/div>\n\t\t\t\t<div class=\"elementor-element elementor-element-8ef483c elementor-widget elementor-widget-text-editor\" data-id=\"8ef483c\" data-element_type=\"widget\" data-widget_type=\"text-editor.default\">\n\t\t\t\t<div class=\"elementor-widget-container\">\n\t\t\t<style>\/*! elementor - v3.14.0 - 26-06-2023 *\/\n.elementor-widget-text-editor.elementor-drop-cap-view-stacked .elementor-drop-cap{background-color:#69727d;color:#fff}.elementor-widget-text-editor.elementor-drop-cap-view-framed .elementor-drop-cap{color:#69727d;border:3px solid;background-color:transparent}.elementor-widget-text-editor:not(.elementor-drop-cap-view-default) .elementor-drop-cap{margin-top:8px}.elementor-widget-text-editor:not(.elementor-drop-cap-view-default) .elementor-drop-cap-letter{width:1em;height:1em}.elementor-widget-text-editor .elementor-drop-cap{float:left;text-align:center;line-height:1;font-size:50px}.elementor-widget-text-editor .elementor-drop-cap-letter{display:inline-block}<\/style>\t\t\t\t<strong>Badajoz<\/strong> es la <strong>provincia m\u00e1s grande<\/strong> en extensi\u00f3n de toda Espa\u00f1a, con m\u00e1s de 21.700 kil\u00f3metros cuadrados en los que residen algo menos de 700.000 vecinos. Sus ciudades m\u00e1s pobladas son la ciudad de <strong>Badajoz y M\u00e9rida<\/strong>, que con 60.000 habitantes alberga la capital de la comunidad aut\u00f3noma de <strong>Extremadura<\/strong> por su importancia hist\u00f3rica y cultural. Otras localidades de un elevado tama\u00f1o son Don Benito, Almendralejo, Villanueva de la Serena, Zafra, Montijo, Villafranca de los Barros u Olivenza, todas ellas con m\u00e1s de 10.000 vecinos.\n\t\t\t\t\t\t<\/br><\/br>\n\t\t\t\t\t\tLos dos r\u00edos m\u00e1s importantes que atraviesan Badajoz provincia son el Guadiana y el Z\u00fajar, aunque tambi\u00e9n encontramos muchos otros de una longitud menor: Ardilla, Bemb\u00e9zar, Caya, Estena, Estenilla, G\u00e9vora, Godolid, Guadajira, Guadalupe, Guad\u00e1mez, Harnina, Matachel, Rivera de Cala, Rivera de Huelva y Viar. Adem\u00e1s, en la ciudad de M\u00e9rida encontramos el <strong>Museo del Agua<\/strong>, situado junto al pantano de Proserpina, donde se explica c\u00f3mo se abastec\u00eda la antigua ciudad romana de M\u00e9rida, as\u00ed como el uso que se daba al agua en las viviendas, las tierras y la industria.\n\t\t\t\t\t\t<\/br><\/br>\n\t\t\t\t\t\tDesde <strong>Serbis<\/strong> prestamos nuestros servicios de pocer\u00eda en la provincia de Badajoz para todo lo relacionado con la reparaci\u00f3n de <strong>canalizaciones rotas o defectuosas<\/strong> mediante las m\u00e1s modernas t\u00e9cnicas de <strong>pocer\u00eda sin zanjas<\/strong>. Como su propio nombre indica, estos servicios cuentan con la ventaja de que no precisan de la realizaci\u00f3n de obras civiles, zanjas, agujeros o excavaciones, lo que a su vez redunda en la comodidad de los vecinos y del tr\u00e1fico de las zonas afectadas.\n\t\t\t\t\t\t<\/br><\/br>\n\t\t\t\t\t\tEn concreto, los poceros de Serbis tienen una larga experiencia en la aplicaci\u00f3n de <strong>manga continua<\/strong>, una novedosa t\u00e9cnica para construir tuber\u00edas nuevas en el interior de las que se han roto a partir de la introducci\u00f3n de <strong>un material flexible que luego se endurece con agua<\/strong> y es curado con tecnolog\u00eda de rayos ultravioleta. Puede obtener m\u00e1s informaci\u00f3n sobre nuestras soluciones de alcantarillado en el n\u00famero de tel\u00e9fono <strong>91 6106253<\/strong>, all\u00ed le informaremos de nuestra experiencia en construcci\u00f3n, reparaci\u00f3n y conservaci\u00f3n de la red de saneamiento, siempre con un trabajo marcado por la <strong>experiencia, seriedad y eficacia<\/strong> de nuestros poceros profesionales.\t\t\t\t\t\t<\/div>\n\t\t\t\t<\/div>\n\t\t\t\t<div class=\"elementor-element elementor-element-c8eea37 elementor-widget elementor-widget-heading\" data-id=\"c8eea37\" data-element_type=\"widget\" data-widget_type=\"heading.default\">\n\t\t\t\t<div class=\"elementor-widget-container\">\n\t\t\t<h4 class=\"elementor-heading-title elementor-size-default\">Ciudades donde actuamos principalmente:<\/h4>\t\t<\/div>\n\t\t\t\t<\/div>\n\t\t\t\t<section class=\"elementor-section elementor-inner-section elementor-element elementor-element-e6c758e elementor-section-boxed elementor-section-height-default elementor-section-height-default\" data-id=\"e6c758e\" data-element_type=\"section\">\n\t\t\t\t\t\t<div class=\"elementor-container elementor-column-gap-default\">\n\t\t\t\t\t<div class=\"elementor-column elementor-col-100 elementor-inner-column elementor-element elementor-element-482d0d6\" data-id=\"482d0d6\" data-element_type=\"column\">\n\t\t\t<div class=\"elementor-widget-wrap elementor-element-populated\">\n\t\t\t\t\t\t\t\t<div class=\"elementor-element elementor-element-5d9961e elementor-icon-list--layout-traditional elementor-list-item-link-full_width elementor-widget elementor-widget-icon-list\" data-id=\"5d9961e\" data-element_type=\"widget\" data-widget_type=\"icon-list.default\">\n\t\t\t\t<div class=\"elementor-widget-container\">\n\t\t\t<link rel=\"stylesheet\" href=\"https:\/\/serbis.es\/municipios\/wp-content\/plugins\/elementor\/assets\/css\/widget-icon-list.min.css\">\t\t<ul class=\"elementor-icon-list-items\">\n\t\t\t\t\t\t\t<li class=\"elementor-icon-list-item\">\n\t\t\t\t\t\t\t\t\t\t\t<a href=\"\/municipios\/obras-de-poceria-sin-zanjas-en-badajoz\">\n\n\t\t\t\t\t\t\t\t\t\t\t\t<span class=\"elementor-icon-list-icon\">\n\t\t\t\t\t\t\t<i aria-hidden=\"true\" class=\"fas fa-city\"><\/i>\t\t\t\t\t\t<\/span>\n\t\t\t\t\t\t\t\t\t\t<span class=\"elementor-icon-list-text\">Badajoz<\/span>\n\t\t\t\t\t\t\t\t\t\t\t<\/a>\n\t\t\t\t\t\t\t\t\t<\/li>\n\t\t\t\t\t\t<\/ul>\n\t\t\t\t<\/div>\n\t\t\t\t<\/div>\n\t\t\t\t\t<\/div>\n\t\t<\/div>\n\t\t\t\t\t\t\t<\/div>\n\t\t<\/section>\n\t\t\t\t<section class=\"elementor-section elementor-inner-section elementor-element elementor-element-53b30dd elementor-section-boxed elementor-section-height-default elementor-section-height-default\" data-id=\"53b30dd\" data-element_type=\"section\" data-settings=\"{&quot;background_background&quot;:&quot;classic&quot;}\">\n\t\t\t\t\t\t<div class=\"elementor-container elementor-column-gap-default\">\n\t\t\t\t\t<div class=\"elementor-column elementor-col-100 elementor-inner-column elementor-element elementor-element-c6dc689\" data-id=\"c6dc689\" data-element_type=\"column\">\n\t\t\t<div class=\"elementor-widget-wrap elementor-element-populated\">\n\t\t\t\t\t\t\t\t<div class=\"elementor-element elementor-element-281b377 elementor-align-center elementor-widget elementor-widget-button\" data-id=\"281b377\" data-element_type=\"widget\" data-widget_type=\"button.default\">\n\t\t\t\t<div class=\"elementor-widget-container\">\n\t\t\t\t\t<div class=\"elementor-button-wrapper\">\n\t\t\t<a class=\"elementor-button elementor-button-link elementor-size-sm\" href=\"https:\/\/serbis.es\/municipios\/donde-actuamos\">\n\t\t\t\t\t\t<span class=\"elementor-button-content-wrapper\">\n\t\t\t\t\t\t<span class=\"elementor-button-text\">Volver donde actuamos<\/span>\n\t\t<\/span>\n\t\t\t\t\t<\/a>\n\t\t<\/div>\n\t\t\t\t<\/div>\n\t\t\t\t<\/div>\n\t\t\t\t\t<\/div>\n\t\t<\/div>\n\t\t\t\t\t\t\t<\/div>\n\t\t<\/section>\n\t\t\t\t\t<\/div>\n\t\t<\/div>\n\t\t\t\t<div class=\"elementor-column elementor-col-33 elementor-top-column elementor-element elementor-element-23556ec\" data-id=\"23556ec\" data-element_type=\"column\">\n\t\t\t<div class=\"elementor-widget-wrap elementor-element-populated\">\n\t\t\t\t\t\t\t\t<section class=\"elementor-section elementor-inner-section elementor-element elementor-element-b42630f elementor-section-boxed elementor-section-height-default elementor-section-height-default\" data-id=\"b42630f\" data-element_type=\"section\" data-settings=\"{&quot;background_background&quot;:&quot;classic&quot;}\">\n\t\t\t\t\t\t<div class=\"elementor-container elementor-column-gap-default\">\n\t\t\t\t\t<div class=\"elementor-column elementor-col-100 elementor-inner-column elementor-element elementor-element-3e52975\" data-id=\"3e52975\" data-element_type=\"column\">\n\t\t\t<div class=\"elementor-widget-wrap elementor-element-populated\">\n\t\t\t\t\t\t\t\t<div class=\"elementor-element elementor-element-3470f97 style-two-call elementor-widget elementor-widget-calltoaction\" data-id=\"3470f97\" data-element_type=\"widget\" data-widget_type=\"calltoaction.default\">\n\t\t\t\t<div class=\"elementor-widget-container\">\n\t\t\t\n\t\t\n\t\t\t<div class=\"call-to-action style-one\">\n\t\t\t\t<div class=\"call-to-video\">\n\n\t\t\t\t\t\n\t\t\t\t<\/div>\n\n\t\t\t\t<div class=\"single_call-to-action_text\">\n\t\t\t\t\t<div class=\"call-to-action_top_text\">\n\t\t\t\t\t\t<div class=\"call-to-action-title\">\n\t\t\t\t\t\t\t<span class=\"subtitlespan\"><h3><\/h3><\/span>\n\t\t\t\t\t\t\t<h2>\u00bfTienes alguna duda? <br> \u00a1\u00a1Ll\u00e1manos!!<\/h2>\n\t\t\t\t\t\t<\/div>\n\t\t\t\t\t<\/div>\n\t\t\t\t\t<div class=\"call-to-action-inner\">\t\t\t\t\n\t\t\t\t\t\t<div class=\"call-to-action-desc\">\n\t\t\t\t\t\t\t<p>91  610 62 53<\/p>\n\t\t\t\t\t\t<\/div>\t\t\t\t\t\t\n\t\t\t\t\t<\/div>\n\n\t\t\t\t\t\t\t\t\t<\/div>\n\t\t\t<\/div>\n\n\t\t\n\t\t\t\t<\/div>\n\t\t\t\t<\/div>\n\t\t\t\t\t<\/div>\n\t\t<\/div>\n\t\t\t\t\t\t\t<\/div>\n\t\t<\/section>\n\t\t\t\t<section class=\"elementor-section elementor-inner-section elementor-element elementor-element-5354095 elementor-section-boxed elementor-section-height-default elementor-section-height-default\" data-id=\"5354095\" data-element_type=\"section\" data-settings=\"{&quot;background_background&quot;:&quot;classic&quot;}\">\n\t\t\t\t\t\t<div class=\"elementor-container elementor-column-gap-default\">\n\t\t\t\t\t<div class=\"elementor-column elementor-col-100 elementor-inner-column elementor-element elementor-element-e335166\" data-id=\"e335166\" data-element_type=\"column\">\n\t\t\t<div class=\"elementor-widget-wrap elementor-element-populated\">\n\t\t\t\t\t\t\t\t<div class=\"elementor-element elementor-element-f80af49 elementor-widget elementor-widget-heading\" data-id=\"f80af49\" data-element_type=\"widget\" data-widget_type=\"heading.default\">\n\t\t\t\t<div class=\"elementor-widget-container\">\n\t\t\t<h2 class=\"elementor-heading-title elementor-size-default\">Otros servicios<\/h2>\t\t<\/div>\n\t\t\t\t<\/div>\n\t\t\t\t<div class=\"elementor-element elementor-element-6faa1ee elementor-icon-list--layout-traditional elementor-list-item-link-full_width elementor-widget elementor-widget-icon-list\" data-id=\"6faa1ee\" data-element_type=\"widget\" data-widget_type=\"icon-list.default\">\n\t\t\t\t<div class=\"elementor-widget-container\">\n\t\t\t\t\t<ul class=\"elementor-icon-list-items\">\n\t\t\t\t\t\t\t<li class=\"elementor-icon-list-item\">\n\t\t\t\t\t\t\t\t\t\t\t<span class=\"elementor-icon-list-icon\">\n\t\t\t\t\t\t\t<i aria-hidden=\"true\" class=\"fas fa-check\"><\/i>\t\t\t\t\t\t<\/span>\n\t\t\t\t\t\t\t\t\t\t<span class=\"elementor-icon-list-text\">Therm-Liner<\/span>\n\t\t\t\t\t\t\t\t\t<\/li>\n\t\t\t\t\t\t\t\t<li class=\"elementor-icon-list-item\">\n\t\t\t\t\t\t\t\t\t\t\t<span class=\"elementor-icon-list-icon\">\n\t\t\t\t\t\t\t<i aria-hidden=\"true\" class=\"fas fa-check\"><\/i>\t\t\t\t\t\t<\/span>\n\t\t\t\t\t\t\t\t\t\t<span class=\"elementor-icon-list-text\">Urgencias e Inundaciones<\/span>\n\t\t\t\t\t\t\t\t\t<\/li>\n\t\t\t\t\t\t\t\t<li class=\"elementor-icon-list-item\">\n\t\t\t\t\t\t\t\t\t\t\t<span class=\"elementor-icon-list-icon\">\n\t\t\t\t\t\t\t<i aria-hidden=\"true\" class=\"fas fa-check\"><\/i>\t\t\t\t\t\t<\/span>\n\t\t\t\t\t\t\t\t\t\t<span class=\"elementor-icon-list-text\">Mantenimientos y Limpiezas<\/span>\n\t\t\t\t\t\t\t\t\t<\/li>\n\t\t\t\t\t\t\t\t<li class=\"elementor-icon-list-item\">\n\t\t\t\t\t\t\t\t\t\t\t<span class=\"elementor-icon-list-icon\">\n\t\t\t\t\t\t\t<i aria-hidden=\"true\" class=\"fas fa-check\"><\/i>\t\t\t\t\t\t<\/span>\n\t\t\t\t\t\t\t\t\t\t<span class=\"elementor-icon-list-text\">Detecci\u00f3n y\/o localizaci\u00f3n de Arquetas y Pozos ocultos<\/span>\n\t\t\t\t\t\t\t\t\t<\/li>\n\t\t\t\t\t\t\t\t<li class=\"elementor-icon-list-item\">\n\t\t\t\t\t\t\t\t\t\t\t<span class=\"elementor-icon-list-icon\">\n\t\t\t\t\t\t\t<i aria-hidden=\"true\" class=\"fas fa-check\"><\/i>\t\t\t\t\t\t<\/span>\n\t\t\t\t\t\t\t\t\t\t<span class=\"elementor-icon-list-text\">Colocaci\u00f3n de tapas de registro<\/span>\n\t\t\t\t\t\t\t\t\t<\/li>\n\t\t\t\t\t\t\t\t<li class=\"elementor-icon-list-item\">\n\t\t\t\t\t\t\t\t\t\t\t<span class=\"elementor-icon-list-icon\">\n\t\t\t\t\t\t\t<i aria-hidden=\"true\" class=\"fas fa-check\"><\/i>\t\t\t\t\t\t<\/span>\n\t\t\t\t\t\t\t\t\t\t<span class=\"elementor-icon-list-text\">Pozos y fosas s\u00e9pticas<\/span>\n\t\t\t\t\t\t\t\t\t<\/li>\n\t\t\t\t\t\t\t\t<li class=\"elementor-icon-list-item\">\n\t\t\t\t\t\t\t\t\t\t\t<span class=\"elementor-icon-list-icon\">\n\t\t\t\t\t\t\t<i aria-hidden=\"true\" class=\"fas fa-check\"><\/i>\t\t\t\t\t\t<\/span>\n\t\t\t\t\t\t\t\t\t\t<span class=\"elementor-icon-list-text\">Inspecciones con C\u00e1maras de TV<\/span>\n\t\t\t\t\t\t\t\t\t<\/li>\n\t\t\t\t\t\t\t\t<li class=\"elementor-icon-list-item\">\n\t\t\t\t\t\t\t\t\t\t\t<span class=\"elementor-icon-list-icon\">\n\t\t\t\t\t\t\t<i aria-hidden=\"true\" class=\"fas fa-check\"><\/i>\t\t\t\t\t\t<\/span>\n\t\t\t\t\t\t\t\t\t\t<span class=\"elementor-icon-list-text\">Rehabilitaciones y Obras<\/span>\n\t\t\t\t\t\t\t\t\t<\/li>\n\t\t\t\t\t\t\t\t<li class=\"elementor-icon-list-item\">\n\t\t\t\t\t\t\t\t\t\t\t<span class=\"elementor-icon-list-icon\">\n\t\t\t\t\t\t\t<i aria-hidden=\"true\" class=\"fas fa-check\"><\/i>\t\t\t\t\t\t<\/span>\n\t\t\t\t\t\t\t\t\t\t<span class=\"elementor-icon-list-text\">Proyectos, licencias y legalizaciones<\/span>\n\t\t\t\t\t\t\t\t\t<\/li>\n\t\t\t\t\t\t<\/ul>\n\t\t\t\t<\/div>\n\t\t\t\t<\/div>\n\t\t\t\t\t<\/div>\n\t\t<\/div>\n\t\t\t\t\t\t\t<\/div>\n\t\t<\/section>\n\t\t\t\t\t<\/div>\n\t\t<\/div>\n\t\t\t\t\t\t\t<\/div>\n\t\t<\/section>\n\t\t\t\t<section class=\"elementor-section elementor-top-section elementor-element elementor-element-b1a3886 elementor-section-boxed elementor-section-height-default elementor-section-height-default elementor-invisible\" data-id=\"b1a3886\" data-element_type=\"section\" data-settings=\"{&quot;background_background&quot;:&quot;classic&quot;,&quot;animation&quot;:&quot;slideInUp&quot;}\">\n\t\t\t\t\t\t<div class=\"elementor-container elementor-column-gap-default\">\n\t\t\t\t\t<div class=\"elementor-column elementor-col-100 elementor-top-column elementor-element elementor-element-4325b87\" data-id=\"4325b87\" data-element_type=\"column\">\n\t\t\t<div class=\"elementor-widget-wrap elementor-element-populated\">\n\t\t\t\t\t\t\t\t<div class=\"elementor-element elementor-element-f0fc2e0 elementor-widget elementor-widget-calltoaction\" data-id=\"f0fc2e0\" data-element_type=\"widget\" data-widget_type=\"calltoaction.default\">\n\t\t\t\t<div class=\"elementor-widget-container\">\n\t\t\t\n\t\t\n\t\t\t<div class=\"call-to-action style-one\">\n\t\t\t\t<div class=\"call-to-video\">\n\n\t\t\t\t\t\n\t\t\t\t<\/div>\n\n\t\t\t\t<div class=\"single_call-to-action_text\">\n\t\t\t\t\t<div class=\"call-to-action_top_text\">\n\t\t\t\t\t\t<div class=\"call-to-action-title\">\n\t\t\t\t\t\t\t<span class=\"subtitlespan\"><h3>Contacta con nosotros<\/h3><\/span>\n\t\t\t\t\t\t\t<h2><\/h2>\n\t\t\t\t\t\t<\/div>\n\t\t\t\t\t<\/div>\n\t\t\t\t\t<div class=\"call-to-action-inner\">\t\t\t\t\n\t\t\t\t\t\t<div class=\"call-to-action-desc\">\n\t\t\t\t\t\t\t<p>En Serbis Pocer\u00eda estamos encantados de atenderle. Utilice el siguiente formulario de contacto para solicitarnos cualquier tipo de informaci\u00f3n o plantearnos sus dudas, que responderemos a la mayor brevedad posible.<\/p>\n\t\t\t\t\t\t<\/div>\t\t\t\t\t\t\n\t\t\t\t\t<\/div>\n\n\t\t\t\t\t\t\t\t\t\t<div class=\"call-to-action-btn\">\n\t\t\t\t\t\t<a href=\"https:\/\/serbis.es\/contacto\">Ir al formulario<\/a>\n\t\t\t\t\t<\/div>\n\t\t\t\t\t\t\t\t\t<\/div>\n\t\t\t<\/div>\n\n\t\t\n\t\t\t\t<\/div>\n\t\t\t\t<\/div>\n\t\t\t\t\t<\/div>\n\t\t<\/div>\n\t\t\t\t\t\t\t<\/div>\n\t\t<\/section>\n\t\t\t\t\t\t\t<\/div>\n\t\t","protected":false},"excerpt":{"rendered":"<p>Obras de pocer\u00eda sin zanjas en la provincia de Badajoz Badajoz es la provincia m\u00e1s grande en extensi\u00f3n de toda Espa\u00f1a, con m\u00e1s de 21.700 kil\u00f3metros cuadrados en los que residen algo menos de 700.000 vecinos. Sus ciudades m\u00e1s pobladas son la ciudad de Badajoz y M\u00e9rida, que con 60.000 habitantes alberga la capital de [&hellip;]<\/p>\n","protected":false},"author":1,"featured_media":0,"parent":0,"menu_order":0,"comment_status":"closed","ping_status":"closed","template":"page-templates\/template-default.php","meta":{"_monsterinsights_skip_tracking":false,"_monsterinsights_sitenote_active":false,"_monsterinsights_sitenote_note":"","_monsterinsights_sitenote_category":0,"footnotes":""},"class_list":["post-6687","page","type-page","status-publish","hentry"],"_links":{"self":[{"href":"https:\/\/serbis.es\/municipios\/wp-json\/wp\/v2\/pages\/6687","targetHints":{"allow":["GET"]}}],"collection":[{"href":"https:\/\/serbis.es\/municipios\/wp-json\/wp\/v2\/pages"}],"about":[{"href":"https:\/\/serbis.es\/municipios\/wp-json\/wp\/v2\/types\/page"}],"author":[{"embeddable":true,"href":"https:\/\/serbis.es\/municipios\/wp-json\/wp\/v2\/users\/1"}],"replies":[{"embeddable":true,"href":"https:\/\/serbis.es\/municipios\/wp-json\/wp\/v2\/comments?post=6687"}],"version-history":[{"count":7,"href":"https:\/\/serbis.es\/municipios\/wp-json\/wp\/v2\/pages\/6687\/revisions"}],"predecessor-version":[{"id":8738,"href":"https:\/\/serbis.es\/municipios\/wp-json\/wp\/v2\/pages\/6687\/revisions\/8738"}],"wp:attachment":[{"href":"https:\/\/serbis.es\/municipios\/wp-json\/wp\/v2\/media?parent=6687"}],"curies":[{"name":"wp","href":"https:\/\/api.w.org\/{rel}","templated":true}]}}