{"id":6643,"date":"2023-12-03T12:26:22","date_gmt":"2023-12-03T11:26:22","guid":{"rendered":"https:\/\/serbis.es\/municipios\/?page_id=6643"},"modified":"2025-09-12T12:09:06","modified_gmt":"2025-09-12T10:09:06","slug":"obras-de-poceria-sin-zanjas-en-huesca","status":"publish","type":"page","link":"https:\/\/serbis.es\/municipios\/obras-de-poceria-sin-zanjas-en-huesca\/","title":{"rendered":"Obras de pocer\u00eda sin zanjas en Huesca"},"content":{"rendered":"\t\t<div data-elementor-type=\"wp-page\" data-elementor-id=\"6643\" class=\"elementor elementor-6643\">\n\t\t\t\t\t\t\t\t\t<section class=\"elementor-section elementor-top-section elementor-element elementor-element-8bd83c7 elementor-section-full_width elementor-section-height-default elementor-section-height-default\" data-id=\"8bd83c7\" data-element_type=\"section\">\n\t\t\t\t\t\t<div class=\"elementor-container elementor-column-gap-no\">\n\t\t\t\t\t<div class=\"elementor-column elementor-col-100 elementor-top-column elementor-element elementor-element-0437c7a\" data-id=\"0437c7a\" data-element_type=\"column\">\n\t\t\t<div class=\"elementor-widget-wrap\">\n\t\t\t\t\t\t\t\t\t<\/div>\n\t\t<\/div>\n\t\t\t\t\t\t\t<\/div>\n\t\t<\/section>\n\t\t\t\t<section class=\"elementor-section elementor-top-section elementor-element elementor-element-0032eea elementor-section-boxed elementor-section-height-default elementor-section-height-default\" data-id=\"0032eea\" data-element_type=\"section\">\n\t\t\t\t\t\t<div class=\"elementor-container elementor-column-gap-default\">\n\t\t\t\t\t<div class=\"elementor-column elementor-col-66 elementor-top-column elementor-element elementor-element-f5ce66f\" data-id=\"f5ce66f\" data-element_type=\"column\">\n\t\t\t<div class=\"elementor-widget-wrap elementor-element-populated\">\n\t\t\t\t\t\t\t\t<div class=\"elementor-element elementor-element-9c451da elementor-widget elementor-widget-heading\" data-id=\"9c451da\" data-element_type=\"widget\" data-widget_type=\"heading.default\">\n\t\t\t\t<div class=\"elementor-widget-container\">\n\t\t\t<style>\/*! elementor - v3.14.0 - 26-06-2023 *\/\n.elementor-heading-title{padding:0;margin:0;line-height:1}.elementor-widget-heading .elementor-heading-title[class*=elementor-size-]>a{color:inherit;font-size:inherit;line-height:inherit}.elementor-widget-heading .elementor-heading-title.elementor-size-small{font-size:15px}.elementor-widget-heading .elementor-heading-title.elementor-size-medium{font-size:19px}.elementor-widget-heading .elementor-heading-title.elementor-size-large{font-size:29px}.elementor-widget-heading .elementor-heading-title.elementor-size-xl{font-size:39px}.elementor-widget-heading .elementor-heading-title.elementor-size-xxl{font-size:59px}<\/style><h1 class=\"elementor-heading-title elementor-size-default\">Obras de pocer\u00eda sin zanjas en Huesca<\/h1>\t\t<\/div>\n\t\t\t\t<\/div>\n\t\t\t\t<div class=\"elementor-element elementor-element-ff48d49 elementor-widget elementor-widget-image\" data-id=\"ff48d49\" data-element_type=\"widget\" data-widget_type=\"image.default\">\n\t\t\t\t<div class=\"elementor-widget-container\">\n\t\t\t<style>\/*! elementor - v3.14.0 - 26-06-2023 *\/\n.elementor-widget-image{text-align:center}.elementor-widget-image a{display:inline-block}.elementor-widget-image a img[src$=\".svg\"]{width:48px}.elementor-widget-image img{vertical-align:middle;display:inline-block}<\/style>\t\t\t\t\t\t\t\t\t\t\t\t<img loading=\"lazy\" decoding=\"async\" width=\"800\" height=\"650\" src=\"https:\/\/serbis.es\/municipios\/wp-content\/uploads\/2023\/12\/obras-de-poceria-y-poceria-sin-zanjas-en-huesca.jpg\" class=\"attachment-large size-large wp-image-6645\" alt=\"Obras de pocer\u00eda sin zanjas en Huesca\" srcset=\"https:\/\/serbis.es\/municipios\/wp-content\/uploads\/2023\/12\/obras-de-poceria-y-poceria-sin-zanjas-en-huesca.jpg 800w, https:\/\/serbis.es\/municipios\/wp-content\/uploads\/2023\/12\/obras-de-poceria-y-poceria-sin-zanjas-en-huesca-300x244.jpg 300w, https:\/\/serbis.es\/municipios\/wp-content\/uploads\/2023\/12\/obras-de-poceria-y-poceria-sin-zanjas-en-huesca-768x624.jpg 768w\" sizes=\"auto, (max-width: 800px) 100vw, 800px\" \/>\t\t\t\t\t\t\t\t\t\t\t\t\t\t\t<\/div>\n\t\t\t\t<\/div>\n\t\t\t\t<div class=\"elementor-element elementor-element-8ef483c elementor-widget elementor-widget-text-editor\" data-id=\"8ef483c\" data-element_type=\"widget\" data-widget_type=\"text-editor.default\">\n\t\t\t\t<div class=\"elementor-widget-container\">\n\t\t\t<style>\/*! elementor - v3.14.0 - 26-06-2023 *\/\n.elementor-widget-text-editor.elementor-drop-cap-view-stacked .elementor-drop-cap{background-color:#69727d;color:#fff}.elementor-widget-text-editor.elementor-drop-cap-view-framed .elementor-drop-cap{color:#69727d;border:3px solid;background-color:transparent}.elementor-widget-text-editor:not(.elementor-drop-cap-view-default) .elementor-drop-cap{margin-top:8px}.elementor-widget-text-editor:not(.elementor-drop-cap-view-default) .elementor-drop-cap-letter{width:1em;height:1em}.elementor-widget-text-editor .elementor-drop-cap{float:left;text-align:center;line-height:1;font-size:50px}.elementor-widget-text-editor .elementor-drop-cap-letter{display:inline-block}<\/style>\t\t\t\tLa <strong>capital<\/strong> de la provincia de <strong>Huesca<\/strong>, en la comunidad aut\u00f3noma de Arag\u00f3n, cuenta con algo m\u00e1s de 50.000 habitantes, lo que la convierte en una de las capitales de provincia menos pobladas de Espa\u00f1a. Y a pesar de ello, la <strong>ciudad de Huesca<\/strong> acapara casi una cuarta parte de la poblaci\u00f3n de toda la provincia oscense, fundamentalmente por su mayor actividad econ\u00f3mica, centrada en los sectores de <strong>la industria, la construcci\u00f3n y los servicios<\/strong> (por ejemplo, la capital acoge el Parque Tecnol\u00f3gico Walqpa, donde residen m\u00e1s de 60 empresas tecnol\u00f3gicas).\n\t\t\t\t\t<\/br><\/br>\n\t\t\t\t\tA nivel <strong>hidrogr\u00e1fico<\/strong>, la ciudad de Huesca es atravesada por el <strong>r\u00edo Isuela<\/strong>, aunque en sus alrededores tambi\u00e9n podemos encontrar el <strong>Flumen<\/strong>. De todos modos, los cultivos agr\u00edcolas de la zona no precisan de una gran cantidad de agua, ya que son fundamentalmente productos de secano: avena, cebada, centeno y trigo. Por su parte, la alfalfa constituye la principal representaci\u00f3n del regad\u00edo en la capital oscense.\n\t\t\t\t\t<\/br><\/br>\n\t\t\t\t\tEn materia de alcantarillado y saneamiento de agua, <strong>Serbis<\/strong> ofrece en Huesca sus servicios de <strong>reparaci\u00f3n de tuber\u00edas sin obras<\/strong>. Esto lo llevamos a cabo a trav\u00e9s de <strong>encamisado con manga continua<\/strong>, una moderna t\u00e9cnica de pocer\u00eda sin zanjas tambi\u00e9n conocida como maxliner o encamisado reversible. B\u00e1sicamente, este procedimiento consiste en construir <strong>una nueva tuber\u00eda en el interior de la que se ha deteriorado<\/strong> a partir de un tejido flexible revestido de fibra de vidrio que incluye una impregnaci\u00f3n con retinas \u00e9poxi.\n\t\t\t\t\t<\/br><\/br>\n\t\t\t\t\tSe trata de una t\u00e9cnica que precisa de una correcta instalaci\u00f3n, solo al alcance de <strong>poceros profesionales<\/strong> y con mucha <strong>experiencia<\/strong>. Esa es, precisamente, una de las se\u00f1as de identidad del equipo de Serbis, que siempre presta sus servicios de rehabilitaci\u00f3n en manga con <strong>seriedad y eficacia y sin intermediarios<\/strong>, lo que garantiza los mejores resultados, y a unos precios muy <strong>baratos<\/strong>. Si necesita m\u00e1s informaci\u00f3n sobre nuestra actividad en pocer\u00eda sin zanjas, ll\u00e1menos al n\u00famero de tel\u00e9fono <strong>91 6106253<\/strong>.\t\t\t\t\t\t<\/div>\n\t\t\t\t<\/div>\n\t\t\t\t<section class=\"elementor-section elementor-inner-section elementor-element elementor-element-53b30dd elementor-section-boxed elementor-section-height-default elementor-section-height-default\" data-id=\"53b30dd\" data-element_type=\"section\" data-settings=\"{&quot;background_background&quot;:&quot;classic&quot;}\">\n\t\t\t\t\t\t<div class=\"elementor-container elementor-column-gap-default\">\n\t\t\t\t\t<div class=\"elementor-column elementor-col-100 elementor-inner-column elementor-element elementor-element-c6dc689\" data-id=\"c6dc689\" data-element_type=\"column\">\n\t\t\t<div class=\"elementor-widget-wrap elementor-element-populated\">\n\t\t\t\t\t\t\t\t<div class=\"elementor-element elementor-element-281b377 elementor-align-center elementor-widget elementor-widget-button\" data-id=\"281b377\" data-element_type=\"widget\" data-widget_type=\"button.default\">\n\t\t\t\t<div class=\"elementor-widget-container\">\n\t\t\t\t\t<div class=\"elementor-button-wrapper\">\n\t\t\t<a class=\"elementor-button elementor-button-link elementor-size-sm\" href=\"https:\/\/serbis.es\/municipios\/donde-actuamos\">\n\t\t\t\t\t\t<span class=\"elementor-button-content-wrapper\">\n\t\t\t\t\t\t<span class=\"elementor-button-text\">Volver donde actuamos<\/span>\n\t\t<\/span>\n\t\t\t\t\t<\/a>\n\t\t<\/div>\n\t\t\t\t<\/div>\n\t\t\t\t<\/div>\n\t\t\t\t\t<\/div>\n\t\t<\/div>\n\t\t\t\t\t\t\t<\/div>\n\t\t<\/section>\n\t\t\t\t\t<\/div>\n\t\t<\/div>\n\t\t\t\t<div class=\"elementor-column elementor-col-33 elementor-top-column elementor-element elementor-element-23556ec\" data-id=\"23556ec\" data-element_type=\"column\">\n\t\t\t<div class=\"elementor-widget-wrap elementor-element-populated\">\n\t\t\t\t\t\t\t\t<section class=\"elementor-section elementor-inner-section elementor-element elementor-element-92f6d75 elementor-section-boxed elementor-section-height-default elementor-section-height-default\" data-id=\"92f6d75\" data-element_type=\"section\" data-settings=\"{&quot;background_background&quot;:&quot;classic&quot;}\">\n\t\t\t\t\t\t<div class=\"elementor-container elementor-column-gap-default\">\n\t\t\t\t\t<div class=\"elementor-column elementor-col-100 elementor-inner-column elementor-element elementor-element-6152b43\" data-id=\"6152b43\" data-element_type=\"column\">\n\t\t\t<div class=\"elementor-widget-wrap elementor-element-populated\">\n\t\t\t\t\t\t\t\t<div class=\"elementor-element elementor-element-6248412 style-two-call elementor-widget elementor-widget-calltoaction\" data-id=\"6248412\" data-element_type=\"widget\" data-widget_type=\"calltoaction.default\">\n\t\t\t\t<div class=\"elementor-widget-container\">\n\t\t\t\n\t\t\n\t\t\t<div class=\"call-to-action style-one\">\n\t\t\t\t<div class=\"call-to-video\">\n\n\t\t\t\t\t\n\t\t\t\t<\/div>\n\n\t\t\t\t<div class=\"single_call-to-action_text\">\n\t\t\t\t\t<div class=\"call-to-action_top_text\">\n\t\t\t\t\t\t<div class=\"call-to-action-title\">\n\t\t\t\t\t\t\t<span class=\"subtitlespan\"><h3><\/h3><\/span>\n\t\t\t\t\t\t\t<h2>\u00bfTienes alguna duda? <br> \u00a1\u00a1Ll\u00e1manos!!<\/h2>\n\t\t\t\t\t\t<\/div>\n\t\t\t\t\t<\/div>\n\t\t\t\t\t<div class=\"call-to-action-inner\">\t\t\t\t\n\t\t\t\t\t\t<div class=\"call-to-action-desc\">\n\t\t\t\t\t\t\t<p>91  610 62 53<\/p>\n\t\t\t\t\t\t<\/div>\t\t\t\t\t\t\n\t\t\t\t\t<\/div>\n\n\t\t\t\t\t\t\t\t\t<\/div>\n\t\t\t<\/div>\n\n\t\t\n\t\t\t\t<\/div>\n\t\t\t\t<\/div>\n\t\t\t\t\t<\/div>\n\t\t<\/div>\n\t\t\t\t\t\t\t<\/div>\n\t\t<\/section>\n\t\t\t\t<section class=\"elementor-section elementor-inner-section elementor-element elementor-element-7a015cc elementor-section-boxed elementor-section-height-default elementor-section-height-default\" data-id=\"7a015cc\" data-element_type=\"section\" data-settings=\"{&quot;background_background&quot;:&quot;classic&quot;}\">\n\t\t\t\t\t\t<div class=\"elementor-container elementor-column-gap-default\">\n\t\t\t\t\t<div class=\"elementor-column elementor-col-100 elementor-inner-column elementor-element elementor-element-a3cbf26\" data-id=\"a3cbf26\" data-element_type=\"column\">\n\t\t\t<div class=\"elementor-widget-wrap elementor-element-populated\">\n\t\t\t\t\t\t\t\t<div class=\"elementor-element elementor-element-58a7890 elementor-widget elementor-widget-heading\" data-id=\"58a7890\" data-element_type=\"widget\" data-widget_type=\"heading.default\">\n\t\t\t\t<div class=\"elementor-widget-container\">\n\t\t\t<h2 class=\"elementor-heading-title elementor-size-default\">Otros servicios<\/h2>\t\t<\/div>\n\t\t\t\t<\/div>\n\t\t\t\t<div class=\"elementor-element elementor-element-b078a29 elementor-icon-list--layout-traditional elementor-list-item-link-full_width elementor-widget elementor-widget-icon-list\" data-id=\"b078a29\" data-element_type=\"widget\" data-widget_type=\"icon-list.default\">\n\t\t\t\t<div class=\"elementor-widget-container\">\n\t\t\t<link rel=\"stylesheet\" href=\"https:\/\/serbis.es\/municipios\/wp-content\/plugins\/elementor\/assets\/css\/widget-icon-list.min.css\">\t\t<ul class=\"elementor-icon-list-items\">\n\t\t\t\t\t\t\t<li class=\"elementor-icon-list-item\">\n\t\t\t\t\t\t\t\t\t\t\t<span class=\"elementor-icon-list-icon\">\n\t\t\t\t\t\t\t<i aria-hidden=\"true\" class=\"fas fa-check\"><\/i>\t\t\t\t\t\t<\/span>\n\t\t\t\t\t\t\t\t\t\t<span class=\"elementor-icon-list-text\">Therm-Liner<\/span>\n\t\t\t\t\t\t\t\t\t<\/li>\n\t\t\t\t\t\t\t\t<li class=\"elementor-icon-list-item\">\n\t\t\t\t\t\t\t\t\t\t\t<span class=\"elementor-icon-list-icon\">\n\t\t\t\t\t\t\t<i aria-hidden=\"true\" class=\"fas fa-check\"><\/i>\t\t\t\t\t\t<\/span>\n\t\t\t\t\t\t\t\t\t\t<span class=\"elementor-icon-list-text\">Urgencias e Inundaciones<\/span>\n\t\t\t\t\t\t\t\t\t<\/li>\n\t\t\t\t\t\t\t\t<li class=\"elementor-icon-list-item\">\n\t\t\t\t\t\t\t\t\t\t\t<span class=\"elementor-icon-list-icon\">\n\t\t\t\t\t\t\t<i aria-hidden=\"true\" class=\"fas fa-check\"><\/i>\t\t\t\t\t\t<\/span>\n\t\t\t\t\t\t\t\t\t\t<span class=\"elementor-icon-list-text\">Mantenimientos y Limpiezas<\/span>\n\t\t\t\t\t\t\t\t\t<\/li>\n\t\t\t\t\t\t\t\t<li class=\"elementor-icon-list-item\">\n\t\t\t\t\t\t\t\t\t\t\t<span class=\"elementor-icon-list-icon\">\n\t\t\t\t\t\t\t<i aria-hidden=\"true\" class=\"fas fa-check\"><\/i>\t\t\t\t\t\t<\/span>\n\t\t\t\t\t\t\t\t\t\t<span class=\"elementor-icon-list-text\">Detecci\u00f3n y\/o localizaci\u00f3n de Arquetas y Pozos ocultos<\/span>\n\t\t\t\t\t\t\t\t\t<\/li>\n\t\t\t\t\t\t\t\t<li class=\"elementor-icon-list-item\">\n\t\t\t\t\t\t\t\t\t\t\t<span class=\"elementor-icon-list-icon\">\n\t\t\t\t\t\t\t<i aria-hidden=\"true\" class=\"fas fa-check\"><\/i>\t\t\t\t\t\t<\/span>\n\t\t\t\t\t\t\t\t\t\t<span class=\"elementor-icon-list-text\">Colocaci\u00f3n de tapas de registro<\/span>\n\t\t\t\t\t\t\t\t\t<\/li>\n\t\t\t\t\t\t\t\t<li class=\"elementor-icon-list-item\">\n\t\t\t\t\t\t\t\t\t\t\t<span class=\"elementor-icon-list-icon\">\n\t\t\t\t\t\t\t<i aria-hidden=\"true\" class=\"fas fa-check\"><\/i>\t\t\t\t\t\t<\/span>\n\t\t\t\t\t\t\t\t\t\t<span class=\"elementor-icon-list-text\">Pozos y fosas s\u00e9pticas<\/span>\n\t\t\t\t\t\t\t\t\t<\/li>\n\t\t\t\t\t\t\t\t<li class=\"elementor-icon-list-item\">\n\t\t\t\t\t\t\t\t\t\t\t<span class=\"elementor-icon-list-icon\">\n\t\t\t\t\t\t\t<i aria-hidden=\"true\" class=\"fas fa-check\"><\/i>\t\t\t\t\t\t<\/span>\n\t\t\t\t\t\t\t\t\t\t<span class=\"elementor-icon-list-text\">Inspecciones con C\u00e1maras de TV<\/span>\n\t\t\t\t\t\t\t\t\t<\/li>\n\t\t\t\t\t\t\t\t<li class=\"elementor-icon-list-item\">\n\t\t\t\t\t\t\t\t\t\t\t<span class=\"elementor-icon-list-icon\">\n\t\t\t\t\t\t\t<i aria-hidden=\"true\" class=\"fas fa-check\"><\/i>\t\t\t\t\t\t<\/span>\n\t\t\t\t\t\t\t\t\t\t<span class=\"elementor-icon-list-text\">Rehabilitaciones y Obras<\/span>\n\t\t\t\t\t\t\t\t\t<\/li>\n\t\t\t\t\t\t\t\t<li class=\"elementor-icon-list-item\">\n\t\t\t\t\t\t\t\t\t\t\t<span class=\"elementor-icon-list-icon\">\n\t\t\t\t\t\t\t<i aria-hidden=\"true\" class=\"fas fa-check\"><\/i>\t\t\t\t\t\t<\/span>\n\t\t\t\t\t\t\t\t\t\t<span class=\"elementor-icon-list-text\">Proyectos, licencias y legalizaciones<\/span>\n\t\t\t\t\t\t\t\t\t<\/li>\n\t\t\t\t\t\t<\/ul>\n\t\t\t\t<\/div>\n\t\t\t\t<\/div>\n\t\t\t\t\t<\/div>\n\t\t<\/div>\n\t\t\t\t\t\t\t<\/div>\n\t\t<\/section>\n\t\t\t\t\t<\/div>\n\t\t<\/div>\n\t\t\t\t\t\t\t<\/div>\n\t\t<\/section>\n\t\t\t\t<section class=\"elementor-section elementor-top-section elementor-element elementor-element-b1a3886 elementor-section-boxed elementor-section-height-default elementor-section-height-default elementor-invisible\" data-id=\"b1a3886\" data-element_type=\"section\" data-settings=\"{&quot;background_background&quot;:&quot;classic&quot;,&quot;animation&quot;:&quot;slideInUp&quot;}\">\n\t\t\t\t\t\t<div class=\"elementor-container elementor-column-gap-default\">\n\t\t\t\t\t<div class=\"elementor-column elementor-col-100 elementor-top-column elementor-element elementor-element-4325b87\" data-id=\"4325b87\" data-element_type=\"column\">\n\t\t\t<div class=\"elementor-widget-wrap elementor-element-populated\">\n\t\t\t\t\t\t\t\t<div class=\"elementor-element elementor-element-f0fc2e0 elementor-widget elementor-widget-calltoaction\" data-id=\"f0fc2e0\" data-element_type=\"widget\" data-widget_type=\"calltoaction.default\">\n\t\t\t\t<div class=\"elementor-widget-container\">\n\t\t\t\n\t\t\n\t\t\t<div class=\"call-to-action style-one\">\n\t\t\t\t<div class=\"call-to-video\">\n\n\t\t\t\t\t\n\t\t\t\t<\/div>\n\n\t\t\t\t<div class=\"single_call-to-action_text\">\n\t\t\t\t\t<div class=\"call-to-action_top_text\">\n\t\t\t\t\t\t<div class=\"call-to-action-title\">\n\t\t\t\t\t\t\t<span class=\"subtitlespan\"><h3>Contacta con nosotros<\/h3><\/span>\n\t\t\t\t\t\t\t<h2><\/h2>\n\t\t\t\t\t\t<\/div>\n\t\t\t\t\t<\/div>\n\t\t\t\t\t<div class=\"call-to-action-inner\">\t\t\t\t\n\t\t\t\t\t\t<div class=\"call-to-action-desc\">\n\t\t\t\t\t\t\t<p>En Serbis Pocer\u00eda estamos encantados de atenderle. Utilice el siguiente formulario de contacto para solicitarnos cualquier tipo de informaci\u00f3n o plantearnos sus dudas, que responderemos a la mayor brevedad posible.<\/p>\n\t\t\t\t\t\t<\/div>\t\t\t\t\t\t\n\t\t\t\t\t<\/div>\n\n\t\t\t\t\t\t\t\t\t\t<div class=\"call-to-action-btn\">\n\t\t\t\t\t\t<a href=\"https:\/\/serbis.es\/contacto\">Ir al formulario<\/a>\n\t\t\t\t\t<\/div>\n\t\t\t\t\t\t\t\t\t<\/div>\n\t\t\t<\/div>\n\n\t\t\n\t\t\t\t<\/div>\n\t\t\t\t<\/div>\n\t\t\t\t\t<\/div>\n\t\t<\/div>\n\t\t\t\t\t\t\t<\/div>\n\t\t<\/section>\n\t\t\t\t\t\t\t<\/div>\n\t\t","protected":false},"excerpt":{"rendered":"<p>Obras de pocer\u00eda sin zanjas en Huesca La capital de la provincia de Huesca, en la comunidad aut\u00f3noma de Arag\u00f3n, cuenta con algo m\u00e1s de 50.000 habitantes, lo que la convierte en una de las capitales de provincia menos pobladas de Espa\u00f1a. Y a pesar de ello, la ciudad de Huesca acapara casi una cuarta [&hellip;]<\/p>\n","protected":false},"author":1,"featured_media":0,"parent":0,"menu_order":0,"comment_status":"closed","ping_status":"closed","template":"page-templates\/template-default.php","meta":{"_monsterinsights_skip_tracking":false,"_monsterinsights_sitenote_active":false,"_monsterinsights_sitenote_note":"","_monsterinsights_sitenote_category":0,"footnotes":""},"class_list":["post-6643","page","type-page","status-publish","hentry"],"_links":{"self":[{"href":"https:\/\/serbis.es\/municipios\/wp-json\/wp\/v2\/pages\/6643","targetHints":{"allow":["GET"]}}],"collection":[{"href":"https:\/\/serbis.es\/municipios\/wp-json\/wp\/v2\/pages"}],"about":[{"href":"https:\/\/serbis.es\/municipios\/wp-json\/wp\/v2\/types\/page"}],"author":[{"embeddable":true,"href":"https:\/\/serbis.es\/municipios\/wp-json\/wp\/v2\/users\/1"}],"replies":[{"embeddable":true,"href":"https:\/\/serbis.es\/municipios\/wp-json\/wp\/v2\/comments?post=6643"}],"version-history":[{"count":7,"href":"https:\/\/serbis.es\/municipios\/wp-json\/wp\/v2\/pages\/6643\/revisions"}],"predecessor-version":[{"id":8765,"href":"https:\/\/serbis.es\/municipios\/wp-json\/wp\/v2\/pages\/6643\/revisions\/8765"}],"wp:attachment":[{"href":"https:\/\/serbis.es\/municipios\/wp-json\/wp\/v2\/media?parent=6643"}],"curies":[{"name":"wp","href":"https:\/\/api.w.org\/{rel}","templated":true}]}}