{"id":6514,"date":"2023-12-02T11:31:12","date_gmt":"2023-12-02T10:31:12","guid":{"rendered":"https:\/\/serbis.es\/municipios\/?page_id=6514"},"modified":"2025-09-12T11:22:49","modified_gmt":"2025-09-12T09:22:49","slug":"obras-de-poceria-sin-zanjas-en-badajoz","status":"publish","type":"page","link":"https:\/\/serbis.es\/municipios\/obras-de-poceria-sin-zanjas-en-badajoz\/","title":{"rendered":"Obras de pocer\u00eda sin zanjas en Badajoz"},"content":{"rendered":"\t\t<div data-elementor-type=\"wp-page\" data-elementor-id=\"6514\" class=\"elementor elementor-6514\">\n\t\t\t\t\t\t\t\t\t<section class=\"elementor-section elementor-top-section elementor-element elementor-element-8bd83c7 elementor-section-full_width elementor-section-height-default elementor-section-height-default\" data-id=\"8bd83c7\" data-element_type=\"section\">\n\t\t\t\t\t\t<div class=\"elementor-container elementor-column-gap-no\">\n\t\t\t\t\t<div class=\"elementor-column elementor-col-100 elementor-top-column elementor-element elementor-element-0437c7a\" data-id=\"0437c7a\" data-element_type=\"column\">\n\t\t\t<div class=\"elementor-widget-wrap\">\n\t\t\t\t\t\t\t\t\t<\/div>\n\t\t<\/div>\n\t\t\t\t\t\t\t<\/div>\n\t\t<\/section>\n\t\t\t\t<section class=\"elementor-section elementor-top-section elementor-element elementor-element-0032eea elementor-section-boxed elementor-section-height-default elementor-section-height-default\" data-id=\"0032eea\" data-element_type=\"section\">\n\t\t\t\t\t\t<div class=\"elementor-container elementor-column-gap-default\">\n\t\t\t\t\t<div class=\"elementor-column elementor-col-66 elementor-top-column elementor-element elementor-element-f5ce66f\" data-id=\"f5ce66f\" data-element_type=\"column\">\n\t\t\t<div class=\"elementor-widget-wrap elementor-element-populated\">\n\t\t\t\t\t\t\t\t<div class=\"elementor-element elementor-element-9c451da elementor-widget elementor-widget-heading\" data-id=\"9c451da\" data-element_type=\"widget\" data-widget_type=\"heading.default\">\n\t\t\t\t<div class=\"elementor-widget-container\">\n\t\t\t<style>\/*! elementor - v3.14.0 - 26-06-2023 *\/\n.elementor-heading-title{padding:0;margin:0;line-height:1}.elementor-widget-heading .elementor-heading-title[class*=elementor-size-]>a{color:inherit;font-size:inherit;line-height:inherit}.elementor-widget-heading .elementor-heading-title.elementor-size-small{font-size:15px}.elementor-widget-heading .elementor-heading-title.elementor-size-medium{font-size:19px}.elementor-widget-heading .elementor-heading-title.elementor-size-large{font-size:29px}.elementor-widget-heading .elementor-heading-title.elementor-size-xl{font-size:39px}.elementor-widget-heading .elementor-heading-title.elementor-size-xxl{font-size:59px}<\/style><h1 class=\"elementor-heading-title elementor-size-default\">Obras de pocer\u00eda sin zanjas en Badajoz<\/h1>\t\t<\/div>\n\t\t\t\t<\/div>\n\t\t\t\t<div class=\"elementor-element elementor-element-ff48d49 elementor-widget elementor-widget-image\" data-id=\"ff48d49\" data-element_type=\"widget\" data-widget_type=\"image.default\">\n\t\t\t\t<div class=\"elementor-widget-container\">\n\t\t\t<style>\/*! elementor - v3.14.0 - 26-06-2023 *\/\n.elementor-widget-image{text-align:center}.elementor-widget-image a{display:inline-block}.elementor-widget-image a img[src$=\".svg\"]{width:48px}.elementor-widget-image img{vertical-align:middle;display:inline-block}<\/style>\t\t\t\t\t\t\t\t\t\t\t\t<img loading=\"lazy\" decoding=\"async\" width=\"800\" height=\"650\" src=\"https:\/\/serbis.es\/municipios\/wp-content\/uploads\/2023\/12\/obras-de-poceria-y-poceria-sin-zanjas-en-badajoz.jpg\" class=\"attachment-large size-large wp-image-6516\" alt=\"Obras de pocer\u00eda sin zanjas en Badajoz\" srcset=\"https:\/\/serbis.es\/municipios\/wp-content\/uploads\/2023\/12\/obras-de-poceria-y-poceria-sin-zanjas-en-badajoz.jpg 800w, https:\/\/serbis.es\/municipios\/wp-content\/uploads\/2023\/12\/obras-de-poceria-y-poceria-sin-zanjas-en-badajoz-300x244.jpg 300w, https:\/\/serbis.es\/municipios\/wp-content\/uploads\/2023\/12\/obras-de-poceria-y-poceria-sin-zanjas-en-badajoz-768x624.jpg 768w\" sizes=\"auto, (max-width: 800px) 100vw, 800px\" \/>\t\t\t\t\t\t\t\t\t\t\t\t\t\t\t<\/div>\n\t\t\t\t<\/div>\n\t\t\t\t<div class=\"elementor-element elementor-element-8ef483c elementor-widget elementor-widget-text-editor\" data-id=\"8ef483c\" data-element_type=\"widget\" data-widget_type=\"text-editor.default\">\n\t\t\t\t<div class=\"elementor-widget-container\">\n\t\t\t<style>\/*! elementor - v3.14.0 - 26-06-2023 *\/\n.elementor-widget-text-editor.elementor-drop-cap-view-stacked .elementor-drop-cap{background-color:#69727d;color:#fff}.elementor-widget-text-editor.elementor-drop-cap-view-framed .elementor-drop-cap{color:#69727d;border:3px solid;background-color:transparent}.elementor-widget-text-editor:not(.elementor-drop-cap-view-default) .elementor-drop-cap{margin-top:8px}.elementor-widget-text-editor:not(.elementor-drop-cap-view-default) .elementor-drop-cap-letter{width:1em;height:1em}.elementor-widget-text-editor .elementor-drop-cap{float:left;text-align:center;line-height:1;font-size:50px}.elementor-widget-text-editor .elementor-drop-cap-letter{display:inline-block}<\/style>\t\t\t\tCon 150.000 habitantes censados, <strong>Badajoz capital<\/strong> es la ciudad m\u00e1s poblada de la provincia del mismo nombre e incluso de toda la comunidad aut\u00f3noma de <strong>Extremadura<\/strong>. La ciudad cuenta con 10 n\u00facleos de poblaci\u00f3n (entre ellos, el casco urbano, G\u00e9vora, Villafranco del Guadina y Valdeb\u00f3toa), aunque su <strong>\u00e1rea de influencia<\/strong> es mucho mayor, hasta el punto de abarcar hasta cerca de 600.000 vecinos de los municipios de los alrededores. \n\t\t\t\t\t<\/br><\/br>\n\t\t\t\t\tAdem\u00e1s, el <strong>t\u00e9rmino municipal<\/strong> de la capital pacense es el m\u00e1s extenso de la provincia de Badajoz y el tercero m\u00e1s grande de Espa\u00f1a, por detr\u00e1s de la tambi\u00e9n extreme\u00f1a ciudad de C\u00e1ceres y de Lorca, una localidad de la regi\u00f3n de Murcia. En materia hidrogr\u00e1fica, el territorio de Badajoz es atravesado por el <strong>r\u00edo Guadiana<\/strong>, lo que hace que la ciudad forme parte de la cuenca hidrogr\u00e1fica del Guadiana.\n\t\t\t\t\t<\/br><\/br>\n\t\t\t\t\tLos poceros profesionales de <strong>Serbis<\/strong> prestamos en Badajoz capital nuestros servicios de <strong>pocer\u00eda sin zanjas<\/strong>, que se basan en las t\u00e9cnicas de \u00faltima generaci\u00f3n y que requieren de modernos equipos tecnol\u00f3gicos. En concreto, en Serbis somos especialistas en la ejecuci\u00f3n de <strong>encamisados reversibles<\/strong>, una t\u00e9cnica que tambi\u00e9n se conoce como <strong>manga continua<\/strong> y que permite reparar tuber\u00edas y canalizaciones en mal estado sin necesidad de hacer obras, zanjas ni agujeros.\n\t\t\t\t\t<\/br><\/br>\n\t\t\t\t\tFundamentalmente, la manga continua consiste en <strong>limpiar el interior<\/strong> de la tuber\u00eda que debe ser rehabilitada, para luego <strong>extender un material flexible<\/strong> de poli\u00e9ster revestido de fibra de vidrio (que incluye una impregnaci\u00f3n con retinas \u00e9poxi) a trav\u00e9s de una m\u00e1quina que se inflar\u00e1 mediante la <strong>inyecci\u00f3n de aire comprimido<\/strong>, se secar\u00e1 con <strong>agua caliente<\/strong> y curar\u00e1 con tecnolog\u00eda de rayos ultravioleta De este modo, tendremos una tuber\u00eda totalmente nueva en el interior de la que se hab\u00eda roto. \n\t\t\t\t\t<\/br><\/br>\n\t\t\t\t\tPuede conocer m\u00e1s detalles sobre esta revolucionaria t\u00e9cnica de pocer\u00eda sin zanjas en el n\u00famero de tel\u00e9fono <strong>91 6106253<\/strong>. Gracias a ella, sus antiguas canalizaciones se transformar\u00e1n en <strong>tuber\u00edas nuevas sin realizar obras<\/strong>, al igual que en el caso de la <strong>reparaci\u00f3n de tramos de tuber\u00edas con packers<\/strong>, otra de las t\u00e9cnicas m\u00e1s modernas de pocer\u00eda sin zanjas y en la que tambi\u00e9n son especialistas los poceros de Serbis.\t\t\t\t\t\t<\/div>\n\t\t\t\t<\/div>\n\t\t\t\t<section class=\"elementor-section elementor-inner-section elementor-element elementor-element-1ac7889 elementor-section-boxed elementor-section-height-default elementor-section-height-default\" data-id=\"1ac7889\" data-element_type=\"section\" data-settings=\"{&quot;background_background&quot;:&quot;classic&quot;}\">\n\t\t\t\t\t\t<div class=\"elementor-container elementor-column-gap-default\">\n\t\t\t\t\t<div class=\"elementor-column elementor-col-100 elementor-inner-column elementor-element elementor-element-a1dfa6a\" data-id=\"a1dfa6a\" data-element_type=\"column\">\n\t\t\t<div class=\"elementor-widget-wrap elementor-element-populated\">\n\t\t\t\t\t\t\t\t<div class=\"elementor-element elementor-element-371c6db elementor-align-center elementor-widget elementor-widget-button\" data-id=\"371c6db\" data-element_type=\"widget\" data-widget_type=\"button.default\">\n\t\t\t\t<div class=\"elementor-widget-container\">\n\t\t\t\t\t<div class=\"elementor-button-wrapper\">\n\t\t\t<a class=\"elementor-button elementor-button-link elementor-size-sm\" href=\"https:\/\/serbis.es\/municipios\/donde-actuamos\">\n\t\t\t\t\t\t<span class=\"elementor-button-content-wrapper\">\n\t\t\t\t\t\t<span class=\"elementor-button-text\">Volver donde actuamos<\/span>\n\t\t<\/span>\n\t\t\t\t\t<\/a>\n\t\t<\/div>\n\t\t\t\t<\/div>\n\t\t\t\t<\/div>\n\t\t\t\t\t<\/div>\n\t\t<\/div>\n\t\t\t\t\t\t\t<\/div>\n\t\t<\/section>\n\t\t\t\t\t<\/div>\n\t\t<\/div>\n\t\t\t\t<div class=\"elementor-column elementor-col-33 elementor-top-column elementor-element elementor-element-23556ec\" data-id=\"23556ec\" data-element_type=\"column\">\n\t\t\t<div class=\"elementor-widget-wrap elementor-element-populated\">\n\t\t\t\t\t\t\t\t<section class=\"elementor-section elementor-inner-section elementor-element elementor-element-aa177f9 elementor-section-boxed elementor-section-height-default elementor-section-height-default\" data-id=\"aa177f9\" data-element_type=\"section\" data-settings=\"{&quot;background_background&quot;:&quot;classic&quot;}\">\n\t\t\t\t\t\t<div class=\"elementor-container elementor-column-gap-default\">\n\t\t\t\t\t<div class=\"elementor-column elementor-col-100 elementor-inner-column elementor-element elementor-element-9d23b58\" data-id=\"9d23b58\" data-element_type=\"column\">\n\t\t\t<div class=\"elementor-widget-wrap elementor-element-populated\">\n\t\t\t\t\t\t\t\t<div class=\"elementor-element elementor-element-76cd408 style-two-call elementor-widget elementor-widget-calltoaction\" data-id=\"76cd408\" data-element_type=\"widget\" data-widget_type=\"calltoaction.default\">\n\t\t\t\t<div class=\"elementor-widget-container\">\n\t\t\t\n\t\t\n\t\t\t<div class=\"call-to-action style-one\">\n\t\t\t\t<div class=\"call-to-video\">\n\n\t\t\t\t\t\n\t\t\t\t<\/div>\n\n\t\t\t\t<div class=\"single_call-to-action_text\">\n\t\t\t\t\t<div class=\"call-to-action_top_text\">\n\t\t\t\t\t\t<div class=\"call-to-action-title\">\n\t\t\t\t\t\t\t<span class=\"subtitlespan\"><h3><\/h3><\/span>\n\t\t\t\t\t\t\t<h2>\u00bfTienes alguna duda? <br> \u00a1\u00a1Ll\u00e1manos!!<\/h2>\n\t\t\t\t\t\t<\/div>\n\t\t\t\t\t<\/div>\n\t\t\t\t\t<div class=\"call-to-action-inner\">\t\t\t\t\n\t\t\t\t\t\t<div class=\"call-to-action-desc\">\n\t\t\t\t\t\t\t<p>91  610 62 53<\/p>\n\t\t\t\t\t\t<\/div>\t\t\t\t\t\t\n\t\t\t\t\t<\/div>\n\n\t\t\t\t\t\t\t\t\t<\/div>\n\t\t\t<\/div>\n\n\t\t\n\t\t\t\t<\/div>\n\t\t\t\t<\/div>\n\t\t\t\t\t<\/div>\n\t\t<\/div>\n\t\t\t\t\t\t\t<\/div>\n\t\t<\/section>\n\t\t\t\t<section class=\"elementor-section elementor-inner-section elementor-element elementor-element-341483c elementor-section-boxed elementor-section-height-default elementor-section-height-default\" data-id=\"341483c\" data-element_type=\"section\" data-settings=\"{&quot;background_background&quot;:&quot;classic&quot;}\">\n\t\t\t\t\t\t<div class=\"elementor-container elementor-column-gap-default\">\n\t\t\t\t\t<div class=\"elementor-column elementor-col-100 elementor-inner-column elementor-element elementor-element-8066973\" data-id=\"8066973\" data-element_type=\"column\">\n\t\t\t<div class=\"elementor-widget-wrap elementor-element-populated\">\n\t\t\t\t\t\t\t\t<div class=\"elementor-element elementor-element-ff7db89 elementor-widget elementor-widget-heading\" data-id=\"ff7db89\" data-element_type=\"widget\" data-widget_type=\"heading.default\">\n\t\t\t\t<div class=\"elementor-widget-container\">\n\t\t\t<h2 class=\"elementor-heading-title elementor-size-default\">Otros servicios<\/h2>\t\t<\/div>\n\t\t\t\t<\/div>\n\t\t\t\t<div class=\"elementor-element elementor-element-9c268bc elementor-icon-list--layout-traditional elementor-list-item-link-full_width elementor-widget elementor-widget-icon-list\" data-id=\"9c268bc\" data-element_type=\"widget\" data-widget_type=\"icon-list.default\">\n\t\t\t\t<div class=\"elementor-widget-container\">\n\t\t\t<link rel=\"stylesheet\" href=\"https:\/\/serbis.es\/municipios\/wp-content\/plugins\/elementor\/assets\/css\/widget-icon-list.min.css\">\t\t<ul class=\"elementor-icon-list-items\">\n\t\t\t\t\t\t\t<li class=\"elementor-icon-list-item\">\n\t\t\t\t\t\t\t\t\t\t\t<span class=\"elementor-icon-list-icon\">\n\t\t\t\t\t\t\t<i aria-hidden=\"true\" class=\"fas fa-check\"><\/i>\t\t\t\t\t\t<\/span>\n\t\t\t\t\t\t\t\t\t\t<span class=\"elementor-icon-list-text\">Therm-Liner<\/span>\n\t\t\t\t\t\t\t\t\t<\/li>\n\t\t\t\t\t\t\t\t<li class=\"elementor-icon-list-item\">\n\t\t\t\t\t\t\t\t\t\t\t<span class=\"elementor-icon-list-icon\">\n\t\t\t\t\t\t\t<i aria-hidden=\"true\" class=\"fas fa-check\"><\/i>\t\t\t\t\t\t<\/span>\n\t\t\t\t\t\t\t\t\t\t<span class=\"elementor-icon-list-text\">Urgencias e Inundaciones<\/span>\n\t\t\t\t\t\t\t\t\t<\/li>\n\t\t\t\t\t\t\t\t<li class=\"elementor-icon-list-item\">\n\t\t\t\t\t\t\t\t\t\t\t<span class=\"elementor-icon-list-icon\">\n\t\t\t\t\t\t\t<i aria-hidden=\"true\" class=\"fas fa-check\"><\/i>\t\t\t\t\t\t<\/span>\n\t\t\t\t\t\t\t\t\t\t<span class=\"elementor-icon-list-text\">Mantenimientos y Limpiezas<\/span>\n\t\t\t\t\t\t\t\t\t<\/li>\n\t\t\t\t\t\t\t\t<li class=\"elementor-icon-list-item\">\n\t\t\t\t\t\t\t\t\t\t\t<span class=\"elementor-icon-list-icon\">\n\t\t\t\t\t\t\t<i aria-hidden=\"true\" class=\"fas fa-check\"><\/i>\t\t\t\t\t\t<\/span>\n\t\t\t\t\t\t\t\t\t\t<span class=\"elementor-icon-list-text\">Detecci\u00f3n y\/o localizaci\u00f3n de Arquetas y Pozos ocultos<\/span>\n\t\t\t\t\t\t\t\t\t<\/li>\n\t\t\t\t\t\t\t\t<li class=\"elementor-icon-list-item\">\n\t\t\t\t\t\t\t\t\t\t\t<span class=\"elementor-icon-list-icon\">\n\t\t\t\t\t\t\t<i aria-hidden=\"true\" class=\"fas fa-check\"><\/i>\t\t\t\t\t\t<\/span>\n\t\t\t\t\t\t\t\t\t\t<span class=\"elementor-icon-list-text\">Colocaci\u00f3n de tapas de registro<\/span>\n\t\t\t\t\t\t\t\t\t<\/li>\n\t\t\t\t\t\t\t\t<li class=\"elementor-icon-list-item\">\n\t\t\t\t\t\t\t\t\t\t\t<span class=\"elementor-icon-list-icon\">\n\t\t\t\t\t\t\t<i aria-hidden=\"true\" class=\"fas fa-check\"><\/i>\t\t\t\t\t\t<\/span>\n\t\t\t\t\t\t\t\t\t\t<span class=\"elementor-icon-list-text\">Pozos y fosas s\u00e9pticas<\/span>\n\t\t\t\t\t\t\t\t\t<\/li>\n\t\t\t\t\t\t\t\t<li class=\"elementor-icon-list-item\">\n\t\t\t\t\t\t\t\t\t\t\t<span class=\"elementor-icon-list-icon\">\n\t\t\t\t\t\t\t<i aria-hidden=\"true\" class=\"fas fa-check\"><\/i>\t\t\t\t\t\t<\/span>\n\t\t\t\t\t\t\t\t\t\t<span class=\"elementor-icon-list-text\">Inspecciones con C\u00e1maras de TV<\/span>\n\t\t\t\t\t\t\t\t\t<\/li>\n\t\t\t\t\t\t\t\t<li class=\"elementor-icon-list-item\">\n\t\t\t\t\t\t\t\t\t\t\t<span class=\"elementor-icon-list-icon\">\n\t\t\t\t\t\t\t<i aria-hidden=\"true\" class=\"fas fa-check\"><\/i>\t\t\t\t\t\t<\/span>\n\t\t\t\t\t\t\t\t\t\t<span class=\"elementor-icon-list-text\">Rehabilitaciones y Obras<\/span>\n\t\t\t\t\t\t\t\t\t<\/li>\n\t\t\t\t\t\t\t\t<li class=\"elementor-icon-list-item\">\n\t\t\t\t\t\t\t\t\t\t\t<span class=\"elementor-icon-list-icon\">\n\t\t\t\t\t\t\t<i aria-hidden=\"true\" class=\"fas fa-check\"><\/i>\t\t\t\t\t\t<\/span>\n\t\t\t\t\t\t\t\t\t\t<span class=\"elementor-icon-list-text\">Proyectos, licencias y legalizaciones<\/span>\n\t\t\t\t\t\t\t\t\t<\/li>\n\t\t\t\t\t\t<\/ul>\n\t\t\t\t<\/div>\n\t\t\t\t<\/div>\n\t\t\t\t\t<\/div>\n\t\t<\/div>\n\t\t\t\t\t\t\t<\/div>\n\t\t<\/section>\n\t\t\t\t\t<\/div>\n\t\t<\/div>\n\t\t\t\t\t\t\t<\/div>\n\t\t<\/section>\n\t\t\t\t<section class=\"elementor-section elementor-top-section elementor-element elementor-element-b1a3886 elementor-section-boxed elementor-section-height-default elementor-section-height-default elementor-invisible\" data-id=\"b1a3886\" data-element_type=\"section\" data-settings=\"{&quot;background_background&quot;:&quot;classic&quot;,&quot;animation&quot;:&quot;slideInUp&quot;}\">\n\t\t\t\t\t\t<div class=\"elementor-container elementor-column-gap-default\">\n\t\t\t\t\t<div class=\"elementor-column elementor-col-100 elementor-top-column elementor-element elementor-element-4325b87\" data-id=\"4325b87\" data-element_type=\"column\">\n\t\t\t<div class=\"elementor-widget-wrap elementor-element-populated\">\n\t\t\t\t\t\t\t\t<div class=\"elementor-element elementor-element-f0fc2e0 elementor-widget elementor-widget-calltoaction\" data-id=\"f0fc2e0\" data-element_type=\"widget\" data-widget_type=\"calltoaction.default\">\n\t\t\t\t<div class=\"elementor-widget-container\">\n\t\t\t\n\t\t\n\t\t\t<div class=\"call-to-action style-one\">\n\t\t\t\t<div class=\"call-to-video\">\n\n\t\t\t\t\t\n\t\t\t\t<\/div>\n\n\t\t\t\t<div class=\"single_call-to-action_text\">\n\t\t\t\t\t<div class=\"call-to-action_top_text\">\n\t\t\t\t\t\t<div class=\"call-to-action-title\">\n\t\t\t\t\t\t\t<span class=\"subtitlespan\"><h3>Contacta con nosotros<\/h3><\/span>\n\t\t\t\t\t\t\t<h2><\/h2>\n\t\t\t\t\t\t<\/div>\n\t\t\t\t\t<\/div>\n\t\t\t\t\t<div class=\"call-to-action-inner\">\t\t\t\t\n\t\t\t\t\t\t<div class=\"call-to-action-desc\">\n\t\t\t\t\t\t\t<p>En Serbis Pocer\u00eda estamos encantados de atenderle. Utilice el siguiente formulario de contacto para solicitarnos cualquier tipo de informaci\u00f3n o plantearnos sus dudas, que responderemos a la mayor brevedad posible.<\/p>\n\t\t\t\t\t\t<\/div>\t\t\t\t\t\t\n\t\t\t\t\t<\/div>\n\n\t\t\t\t\t\t\t\t\t\t<div class=\"call-to-action-btn\">\n\t\t\t\t\t\t<a href=\"https:\/\/serbis.es\/contacto\">Ir al formulario<\/a>\n\t\t\t\t\t<\/div>\n\t\t\t\t\t\t\t\t\t<\/div>\n\t\t\t<\/div>\n\n\t\t\n\t\t\t\t<\/div>\n\t\t\t\t<\/div>\n\t\t\t\t\t<\/div>\n\t\t<\/div>\n\t\t\t\t\t\t\t<\/div>\n\t\t<\/section>\n\t\t\t\t\t\t\t<\/div>\n\t\t","protected":false},"excerpt":{"rendered":"<p>Obras de pocer\u00eda sin zanjas en Badajoz Con 150.000 habitantes censados, Badajoz capital es la ciudad m\u00e1s poblada de la provincia del mismo nombre e incluso de toda la comunidad aut\u00f3noma de Extremadura. La ciudad cuenta con 10 n\u00facleos de poblaci\u00f3n (entre ellos, el casco urbano, G\u00e9vora, Villafranco del Guadina y Valdeb\u00f3toa), aunque su \u00e1rea [&hellip;]<\/p>\n","protected":false},"author":1,"featured_media":0,"parent":0,"menu_order":0,"comment_status":"closed","ping_status":"closed","template":"page-templates\/template-default.php","meta":{"_monsterinsights_skip_tracking":false,"_monsterinsights_sitenote_active":false,"_monsterinsights_sitenote_note":"","_monsterinsights_sitenote_category":0,"footnotes":""},"class_list":["post-6514","page","type-page","status-publish","hentry"],"_links":{"self":[{"href":"https:\/\/serbis.es\/municipios\/wp-json\/wp\/v2\/pages\/6514","targetHints":{"allow":["GET"]}}],"collection":[{"href":"https:\/\/serbis.es\/municipios\/wp-json\/wp\/v2\/pages"}],"about":[{"href":"https:\/\/serbis.es\/municipios\/wp-json\/wp\/v2\/types\/page"}],"author":[{"embeddable":true,"href":"https:\/\/serbis.es\/municipios\/wp-json\/wp\/v2\/users\/1"}],"replies":[{"embeddable":true,"href":"https:\/\/serbis.es\/municipios\/wp-json\/wp\/v2\/comments?post=6514"}],"version-history":[{"count":7,"href":"https:\/\/serbis.es\/municipios\/wp-json\/wp\/v2\/pages\/6514\/revisions"}],"predecessor-version":[{"id":8685,"href":"https:\/\/serbis.es\/municipios\/wp-json\/wp\/v2\/pages\/6514\/revisions\/8685"}],"wp:attachment":[{"href":"https:\/\/serbis.es\/municipios\/wp-json\/wp\/v2\/media?parent=6514"}],"curies":[{"name":"wp","href":"https:\/\/api.w.org\/{rel}","templated":true}]}}