{"id":6269,"date":"2023-11-06T11:31:55","date_gmt":"2023-11-06T10:31:55","guid":{"rendered":"https:\/\/serbis.es\/municipios\/?page_id=6269"},"modified":"2025-09-27T10:36:52","modified_gmt":"2025-09-27T08:36:52","slug":"obras-de-poceria-sin-zanjas-en-tarragona","status":"publish","type":"page","link":"https:\/\/serbis.es\/municipios\/obras-de-poceria-sin-zanjas-en-tarragona\/","title":{"rendered":"Obras de pocer\u00eda sin zanjas en Tarragona"},"content":{"rendered":"\t\t<div data-elementor-type=\"wp-page\" data-elementor-id=\"6269\" class=\"elementor elementor-6269\">\n\t\t\t\t\t\t\t\t\t<section class=\"elementor-section elementor-top-section elementor-element elementor-element-8bd83c7 elementor-section-full_width elementor-section-height-default elementor-section-height-default\" data-id=\"8bd83c7\" data-element_type=\"section\">\n\t\t\t\t\t\t<div class=\"elementor-container elementor-column-gap-no\">\n\t\t\t\t\t<div class=\"elementor-column elementor-col-100 elementor-top-column elementor-element elementor-element-0437c7a\" data-id=\"0437c7a\" data-element_type=\"column\">\n\t\t\t<div class=\"elementor-widget-wrap\">\n\t\t\t\t\t\t\t\t\t<\/div>\n\t\t<\/div>\n\t\t\t\t\t\t\t<\/div>\n\t\t<\/section>\n\t\t\t\t<section class=\"elementor-section elementor-top-section elementor-element elementor-element-18d10d9 elementor-section-boxed elementor-section-height-default elementor-section-height-default\" data-id=\"18d10d9\" data-element_type=\"section\">\n\t\t\t\t\t\t<div class=\"elementor-container elementor-column-gap-default\">\n\t\t\t\t\t<div class=\"elementor-column elementor-col-66 elementor-top-column elementor-element elementor-element-3f23e33\" data-id=\"3f23e33\" data-element_type=\"column\">\n\t\t\t<div class=\"elementor-widget-wrap elementor-element-populated\">\n\t\t\t\t\t\t\t\t<div class=\"elementor-element elementor-element-83226d4 elementor-widget elementor-widget-heading\" data-id=\"83226d4\" data-element_type=\"widget\" data-widget_type=\"heading.default\">\n\t\t\t\t<div class=\"elementor-widget-container\">\n\t\t\t<style>\/*! elementor - v3.14.0 - 26-06-2023 *\/\n.elementor-heading-title{padding:0;margin:0;line-height:1}.elementor-widget-heading .elementor-heading-title[class*=elementor-size-]>a{color:inherit;font-size:inherit;line-height:inherit}.elementor-widget-heading .elementor-heading-title.elementor-size-small{font-size:15px}.elementor-widget-heading .elementor-heading-title.elementor-size-medium{font-size:19px}.elementor-widget-heading .elementor-heading-title.elementor-size-large{font-size:29px}.elementor-widget-heading .elementor-heading-title.elementor-size-xl{font-size:39px}.elementor-widget-heading .elementor-heading-title.elementor-size-xxl{font-size:59px}<\/style><h1 class=\"elementor-heading-title elementor-size-default\">Pocer\u00eda sin zanjas en Tarragona<\/h1>\t\t<\/div>\n\t\t\t\t<\/div>\n\t\t\t\t<div class=\"elementor-element elementor-element-46d667f elementor-widget elementor-widget-image\" data-id=\"46d667f\" data-element_type=\"widget\" data-widget_type=\"image.default\">\n\t\t\t\t<div class=\"elementor-widget-container\">\n\t\t\t<style>\/*! elementor - v3.14.0 - 26-06-2023 *\/\n.elementor-widget-image{text-align:center}.elementor-widget-image a{display:inline-block}.elementor-widget-image a img[src$=\".svg\"]{width:48px}.elementor-widget-image img{vertical-align:middle;display:inline-block}<\/style>\t\t\t\t\t\t\t\t\t\t\t\t<img loading=\"lazy\" decoding=\"async\" width=\"800\" height=\"650\" src=\"https:\/\/serbis.es\/municipios\/wp-content\/uploads\/2023\/12\/obras-de-poceria-y-poceria-sin-zanjas-en-tarragona.jpg\" class=\"attachment-large size-large wp-image-7028\" alt=\"Obras de pocer\u00eda sin zanjas en Tarragona\" srcset=\"https:\/\/serbis.es\/municipios\/wp-content\/uploads\/2023\/12\/obras-de-poceria-y-poceria-sin-zanjas-en-tarragona.jpg 800w, https:\/\/serbis.es\/municipios\/wp-content\/uploads\/2023\/12\/obras-de-poceria-y-poceria-sin-zanjas-en-tarragona-300x244.jpg 300w, https:\/\/serbis.es\/municipios\/wp-content\/uploads\/2023\/12\/obras-de-poceria-y-poceria-sin-zanjas-en-tarragona-768x624.jpg 768w\" sizes=\"auto, (max-width: 800px) 100vw, 800px\" \/>\t\t\t\t\t\t\t\t\t\t\t\t\t\t\t<\/div>\n\t\t\t\t<\/div>\n\t\t\t\t<div class=\"elementor-element elementor-element-bca516f elementor-widget elementor-widget-text-editor\" data-id=\"bca516f\" data-element_type=\"widget\" data-widget_type=\"text-editor.default\">\n\t\t\t\t<div class=\"elementor-widget-container\">\n\t\t\t<style>\/*! elementor - v3.14.0 - 26-06-2023 *\/\n.elementor-widget-text-editor.elementor-drop-cap-view-stacked .elementor-drop-cap{background-color:#69727d;color:#fff}.elementor-widget-text-editor.elementor-drop-cap-view-framed .elementor-drop-cap{color:#69727d;border:3px solid;background-color:transparent}.elementor-widget-text-editor:not(.elementor-drop-cap-view-default) .elementor-drop-cap{margin-top:8px}.elementor-widget-text-editor:not(.elementor-drop-cap-view-default) .elementor-drop-cap-letter{width:1em;height:1em}.elementor-widget-text-editor .elementor-drop-cap{float:left;text-align:center;line-height:1;font-size:50px}.elementor-widget-text-editor .elementor-drop-cap-letter{display:inline-block}<\/style>\t\t\t\t<div><strong>Serbis Pocer\u00eda ofrece sus servicios de pocer\u00eda sin zanjas en la provincia de Tarragona<\/strong>, al igual que en las otras tres que forman la comunidad aut\u00f3noma de Catalua\u00f1a. En el caso de la provincia tarraconense, realizamos trabajos en los 184 munipios que conforman el territorio, en los que viven m\u00e1s de 800.000 personas.<\/div><div>\u00a0<\/div><div>En concreto, la reparaci\u00f3n de canalizaciones, tuber\u00edas y alcantarillas mediante el sistema de manga continua est\u00e1 a disposici\u00f3n de los vecinos de Tarragona capital y de las restantes localidades de la provincia. Eso incluye importante n\u00facleos de poblaci\u00f3n, como Reus, El Vendrell, Cambrils, Tortosa, Salous, Calafell, Valls, Vila-seca, Amposta, Torredembarra, Sant Carles de la R\u00e0pita, Cunit, Mont-roig del Camp o Deltebre.<\/div><div>\u00a0<\/div><div>En lo relativo a saneamiento de aguas residuales y alcantarillado, desde la empresa de pocer\u00eda Serbis ofrecemos en la provincia de Tarragona nuestros servicios de pocer\u00eda sin zanjas, que se centran en la aplicaci\u00f3n de manga continua. Gracias a esta innovadora tecnolog\u00eda es posible reparar tuber\u00edas rotas o deterioradas sin necesidad de efectuar obras o excavaciones. Eso s\u00ed, su correcta aplicaci\u00f3n requiere de poceros profesionales y con experiencia en pocer\u00eda sin zanjas (desde rehabilitaci\u00f3n en manga continua hasta otras t\u00e9cnicas de encamisado reversible como los packers).<\/div><div>\u00a0<\/div><div>Puede consultar todos los detalles en el siguiente n\u00famero de tel\u00e9fono: <strong>91 6106253<\/strong>. En Serbis Pocer\u00eda estaremos encantados de informarle de nuestros servicios integrales de saneamiento y soluciones integrales de alcantarillado. Nuestros trabajos est\u00e1n avalados por la seriedad y eficacia de un equipo que los ejecuta sin intermediarios y con los mejores resultados y precios del mercado espa\u00f1ol.<\/div>\t\t\t\t\t\t<\/div>\n\t\t\t\t<\/div>\n\t\t\t\t<section class=\"elementor-section elementor-inner-section elementor-element elementor-element-2c8123a elementor-section-boxed elementor-section-height-default elementor-section-height-default\" data-id=\"2c8123a\" data-element_type=\"section\" data-settings=\"{&quot;background_background&quot;:&quot;classic&quot;}\">\n\t\t\t\t\t\t<div class=\"elementor-container elementor-column-gap-default\">\n\t\t\t\t\t<div class=\"elementor-column elementor-col-100 elementor-inner-column elementor-element elementor-element-4e6ad9b\" data-id=\"4e6ad9b\" data-element_type=\"column\">\n\t\t\t<div class=\"elementor-widget-wrap elementor-element-populated\">\n\t\t\t\t\t\t\t\t<div class=\"elementor-element elementor-element-012386c elementor-align-center elementor-widget elementor-widget-button\" data-id=\"012386c\" data-element_type=\"widget\" data-widget_type=\"button.default\">\n\t\t\t\t<div class=\"elementor-widget-container\">\n\t\t\t\t\t<div class=\"elementor-button-wrapper\">\n\t\t\t<a class=\"elementor-button elementor-button-link elementor-size-sm\" href=\"https:\/\/serbis.es\/municipios\/donde-actuamos\">\n\t\t\t\t\t\t<span class=\"elementor-button-content-wrapper\">\n\t\t\t\t\t\t<span class=\"elementor-button-text\">Volver donde actuamos<\/span>\n\t\t<\/span>\n\t\t\t\t\t<\/a>\n\t\t<\/div>\n\t\t\t\t<\/div>\n\t\t\t\t<\/div>\n\t\t\t\t\t<\/div>\n\t\t<\/div>\n\t\t\t\t\t\t\t<\/div>\n\t\t<\/section>\n\t\t\t\t\t<\/div>\n\t\t<\/div>\n\t\t\t\t<div class=\"elementor-column elementor-col-33 elementor-top-column elementor-element elementor-element-16ce96b\" data-id=\"16ce96b\" data-element_type=\"column\">\n\t\t\t<div class=\"elementor-widget-wrap elementor-element-populated\">\n\t\t\t\t\t\t\t\t<section class=\"elementor-section elementor-inner-section elementor-element elementor-element-c48396e elementor-section-boxed elementor-section-height-default elementor-section-height-default\" data-id=\"c48396e\" data-element_type=\"section\" data-settings=\"{&quot;background_background&quot;:&quot;classic&quot;}\">\n\t\t\t\t\t\t<div class=\"elementor-container elementor-column-gap-default\">\n\t\t\t\t\t<div class=\"elementor-column elementor-col-100 elementor-inner-column elementor-element elementor-element-5a61007\" data-id=\"5a61007\" data-element_type=\"column\">\n\t\t\t<div class=\"elementor-widget-wrap elementor-element-populated\">\n\t\t\t\t\t\t\t\t<div class=\"elementor-element elementor-element-4eb539a style-two-call elementor-widget elementor-widget-calltoaction\" data-id=\"4eb539a\" data-element_type=\"widget\" data-widget_type=\"calltoaction.default\">\n\t\t\t\t<div class=\"elementor-widget-container\">\n\t\t\t\n\t\t\n\t\t\t<div class=\"call-to-action style-one\">\n\t\t\t\t<div class=\"call-to-video\">\n\n\t\t\t\t\t\n\t\t\t\t<\/div>\n\n\t\t\t\t<div class=\"single_call-to-action_text\">\n\t\t\t\t\t<div class=\"call-to-action_top_text\">\n\t\t\t\t\t\t<div class=\"call-to-action-title\">\n\t\t\t\t\t\t\t<span class=\"subtitlespan\"><h3><\/h3><\/span>\n\t\t\t\t\t\t\t<h2>\u00bfTienes alguna duda? <br> \u00a1\u00a1Ll\u00e1manos!!<\/h2>\n\t\t\t\t\t\t<\/div>\n\t\t\t\t\t<\/div>\n\t\t\t\t\t<div class=\"call-to-action-inner\">\t\t\t\t\n\t\t\t\t\t\t<div class=\"call-to-action-desc\">\n\t\t\t\t\t\t\t<p>91  610 62 53<\/p>\n\t\t\t\t\t\t<\/div>\t\t\t\t\t\t\n\t\t\t\t\t<\/div>\n\n\t\t\t\t\t\t\t\t\t<\/div>\n\t\t\t<\/div>\n\n\t\t\n\t\t\t\t<\/div>\n\t\t\t\t<\/div>\n\t\t\t\t\t<\/div>\n\t\t<\/div>\n\t\t\t\t\t\t\t<\/div>\n\t\t<\/section>\n\t\t\t\t<section class=\"elementor-section elementor-inner-section elementor-element elementor-element-2b4a327 elementor-section-boxed elementor-section-height-default elementor-section-height-default\" data-id=\"2b4a327\" data-element_type=\"section\" data-settings=\"{&quot;background_background&quot;:&quot;classic&quot;}\">\n\t\t\t\t\t\t<div class=\"elementor-container elementor-column-gap-default\">\n\t\t\t\t\t<div class=\"elementor-column elementor-col-100 elementor-inner-column elementor-element elementor-element-4b33545\" data-id=\"4b33545\" data-element_type=\"column\">\n\t\t\t<div class=\"elementor-widget-wrap elementor-element-populated\">\n\t\t\t\t\t\t\t\t<div class=\"elementor-element elementor-element-e8ead31 elementor-widget elementor-widget-heading\" data-id=\"e8ead31\" data-element_type=\"widget\" data-widget_type=\"heading.default\">\n\t\t\t\t<div class=\"elementor-widget-container\">\n\t\t\t<h2 class=\"elementor-heading-title elementor-size-default\">Otros servicios<\/h2>\t\t<\/div>\n\t\t\t\t<\/div>\n\t\t\t\t<div class=\"elementor-element elementor-element-a769020 elementor-icon-list--layout-traditional elementor-list-item-link-full_width elementor-widget elementor-widget-icon-list\" data-id=\"a769020\" data-element_type=\"widget\" data-widget_type=\"icon-list.default\">\n\t\t\t\t<div class=\"elementor-widget-container\">\n\t\t\t<link rel=\"stylesheet\" href=\"https:\/\/serbis.es\/municipios\/wp-content\/plugins\/elementor\/assets\/css\/widget-icon-list.min.css\">\t\t<ul class=\"elementor-icon-list-items\">\n\t\t\t\t\t\t\t<li class=\"elementor-icon-list-item\">\n\t\t\t\t\t\t\t\t\t\t\t<span class=\"elementor-icon-list-icon\">\n\t\t\t\t\t\t\t<i aria-hidden=\"true\" class=\"fas fa-check\"><\/i>\t\t\t\t\t\t<\/span>\n\t\t\t\t\t\t\t\t\t\t<span class=\"elementor-icon-list-text\">Therm-Liner<\/span>\n\t\t\t\t\t\t\t\t\t<\/li>\n\t\t\t\t\t\t\t\t<li class=\"elementor-icon-list-item\">\n\t\t\t\t\t\t\t\t\t\t\t<span class=\"elementor-icon-list-icon\">\n\t\t\t\t\t\t\t<i aria-hidden=\"true\" class=\"fas fa-check\"><\/i>\t\t\t\t\t\t<\/span>\n\t\t\t\t\t\t\t\t\t\t<span class=\"elementor-icon-list-text\">Urgencias e Inundaciones<\/span>\n\t\t\t\t\t\t\t\t\t<\/li>\n\t\t\t\t\t\t\t\t<li class=\"elementor-icon-list-item\">\n\t\t\t\t\t\t\t\t\t\t\t<span class=\"elementor-icon-list-icon\">\n\t\t\t\t\t\t\t<i aria-hidden=\"true\" class=\"fas fa-check\"><\/i>\t\t\t\t\t\t<\/span>\n\t\t\t\t\t\t\t\t\t\t<span class=\"elementor-icon-list-text\">Mantenimientos y Limpiezas<\/span>\n\t\t\t\t\t\t\t\t\t<\/li>\n\t\t\t\t\t\t\t\t<li class=\"elementor-icon-list-item\">\n\t\t\t\t\t\t\t\t\t\t\t<span class=\"elementor-icon-list-icon\">\n\t\t\t\t\t\t\t<i aria-hidden=\"true\" class=\"fas fa-check\"><\/i>\t\t\t\t\t\t<\/span>\n\t\t\t\t\t\t\t\t\t\t<span class=\"elementor-icon-list-text\">Detecci\u00f3n y\/o localizaci\u00f3n de Arquetas y Pozos ocultos<\/span>\n\t\t\t\t\t\t\t\t\t<\/li>\n\t\t\t\t\t\t\t\t<li class=\"elementor-icon-list-item\">\n\t\t\t\t\t\t\t\t\t\t\t<span class=\"elementor-icon-list-icon\">\n\t\t\t\t\t\t\t<i aria-hidden=\"true\" class=\"fas fa-check\"><\/i>\t\t\t\t\t\t<\/span>\n\t\t\t\t\t\t\t\t\t\t<span class=\"elementor-icon-list-text\">Colocaci\u00f3n de tapas de registro<\/span>\n\t\t\t\t\t\t\t\t\t<\/li>\n\t\t\t\t\t\t\t\t<li class=\"elementor-icon-list-item\">\n\t\t\t\t\t\t\t\t\t\t\t<span class=\"elementor-icon-list-icon\">\n\t\t\t\t\t\t\t<i aria-hidden=\"true\" class=\"fas fa-check\"><\/i>\t\t\t\t\t\t<\/span>\n\t\t\t\t\t\t\t\t\t\t<span class=\"elementor-icon-list-text\">Pozos y fosas s\u00e9pticas<\/span>\n\t\t\t\t\t\t\t\t\t<\/li>\n\t\t\t\t\t\t\t\t<li class=\"elementor-icon-list-item\">\n\t\t\t\t\t\t\t\t\t\t\t<span class=\"elementor-icon-list-icon\">\n\t\t\t\t\t\t\t<i aria-hidden=\"true\" class=\"fas fa-check\"><\/i>\t\t\t\t\t\t<\/span>\n\t\t\t\t\t\t\t\t\t\t<span class=\"elementor-icon-list-text\">Inspecciones con C\u00e1maras de TV<\/span>\n\t\t\t\t\t\t\t\t\t<\/li>\n\t\t\t\t\t\t\t\t<li class=\"elementor-icon-list-item\">\n\t\t\t\t\t\t\t\t\t\t\t<span class=\"elementor-icon-list-icon\">\n\t\t\t\t\t\t\t<i aria-hidden=\"true\" class=\"fas fa-check\"><\/i>\t\t\t\t\t\t<\/span>\n\t\t\t\t\t\t\t\t\t\t<span class=\"elementor-icon-list-text\">Rehabilitaciones y Obras<\/span>\n\t\t\t\t\t\t\t\t\t<\/li>\n\t\t\t\t\t\t\t\t<li class=\"elementor-icon-list-item\">\n\t\t\t\t\t\t\t\t\t\t\t<span class=\"elementor-icon-list-icon\">\n\t\t\t\t\t\t\t<i aria-hidden=\"true\" class=\"fas fa-check\"><\/i>\t\t\t\t\t\t<\/span>\n\t\t\t\t\t\t\t\t\t\t<span class=\"elementor-icon-list-text\">Proyectos, licencias y legalizaciones<\/span>\n\t\t\t\t\t\t\t\t\t<\/li>\n\t\t\t\t\t\t<\/ul>\n\t\t\t\t<\/div>\n\t\t\t\t<\/div>\n\t\t\t\t\t<\/div>\n\t\t<\/div>\n\t\t\t\t\t\t\t<\/div>\n\t\t<\/section>\n\t\t\t\t\t<\/div>\n\t\t<\/div>\n\t\t\t\t\t\t\t<\/div>\n\t\t<\/section>\n\t\t\t\t<section class=\"elementor-section elementor-top-section elementor-element elementor-element-8695b08 elementor-section-boxed elementor-section-height-default elementor-section-height-default elementor-invisible\" data-id=\"8695b08\" data-element_type=\"section\" data-settings=\"{&quot;background_background&quot;:&quot;classic&quot;,&quot;animation&quot;:&quot;slideInUp&quot;}\">\n\t\t\t\t\t\t<div class=\"elementor-container elementor-column-gap-default\">\n\t\t\t\t\t<div class=\"elementor-column elementor-col-100 elementor-top-column elementor-element elementor-element-727bdc6\" data-id=\"727bdc6\" data-element_type=\"column\">\n\t\t\t<div class=\"elementor-widget-wrap elementor-element-populated\">\n\t\t\t\t\t\t\t\t<div class=\"elementor-element elementor-element-6b5fa13 elementor-widget elementor-widget-calltoaction\" data-id=\"6b5fa13\" data-element_type=\"widget\" data-widget_type=\"calltoaction.default\">\n\t\t\t\t<div class=\"elementor-widget-container\">\n\t\t\t\n\t\t\n\t\t\t<div class=\"call-to-action style-one\">\n\t\t\t\t<div class=\"call-to-video\">\n\n\t\t\t\t\t\n\t\t\t\t<\/div>\n\n\t\t\t\t<div class=\"single_call-to-action_text\">\n\t\t\t\t\t<div class=\"call-to-action_top_text\">\n\t\t\t\t\t\t<div class=\"call-to-action-title\">\n\t\t\t\t\t\t\t<span class=\"subtitlespan\"><h3>Contacta con nosotros<\/h3><\/span>\n\t\t\t\t\t\t\t<h2><\/h2>\n\t\t\t\t\t\t<\/div>\n\t\t\t\t\t<\/div>\n\t\t\t\t\t<div class=\"call-to-action-inner\">\t\t\t\t\n\t\t\t\t\t\t<div class=\"call-to-action-desc\">\n\t\t\t\t\t\t\t<p>En Serbis Pocer\u00eda estamos encantados de atenderle. Utilice el siguiente formulario de contacto para solicitarnos cualquier tipo de informaci\u00f3n o plantearnos sus dudas, que responderemos a la mayor brevedad posible.<\/p>\n\t\t\t\t\t\t<\/div>\t\t\t\t\t\t\n\t\t\t\t\t<\/div>\n\n\t\t\t\t\t\t\t\t\t\t<div class=\"call-to-action-btn\">\n\t\t\t\t\t\t<a href=\"https:\/\/serbis.es\/contacto\">Ir al formulario<\/a>\n\t\t\t\t\t<\/div>\n\t\t\t\t\t\t\t\t\t<\/div>\n\t\t\t<\/div>\n\n\t\t\n\t\t\t\t<\/div>\n\t\t\t\t<\/div>\n\t\t\t\t\t<\/div>\n\t\t<\/div>\n\t\t\t\t\t\t\t<\/div>\n\t\t<\/section>\n\t\t\t\t\t\t\t<\/div>\n\t\t","protected":false},"excerpt":{"rendered":"<p>Pocer\u00eda sin zanjas en Tarragona Serbis Pocer\u00eda ofrece sus servicios de pocer\u00eda sin zanjas en la provincia de Tarragona, al igual que en las otras tres que forman la comunidad aut\u00f3noma de Catalua\u00f1a. En el caso de la provincia tarraconense, realizamos trabajos en los 184 munipios que conforman el territorio, en los que viven m\u00e1s [&hellip;]<\/p>\n","protected":false},"author":1,"featured_media":0,"parent":0,"menu_order":0,"comment_status":"closed","ping_status":"closed","template":"page-templates\/template-default.php","meta":{"_monsterinsights_skip_tracking":false,"_monsterinsights_sitenote_active":false,"_monsterinsights_sitenote_note":"","_monsterinsights_sitenote_category":0,"footnotes":""},"class_list":["post-6269","page","type-page","status-publish","hentry"],"_links":{"self":[{"href":"https:\/\/serbis.es\/municipios\/wp-json\/wp\/v2\/pages\/6269","targetHints":{"allow":["GET"]}}],"collection":[{"href":"https:\/\/serbis.es\/municipios\/wp-json\/wp\/v2\/pages"}],"about":[{"href":"https:\/\/serbis.es\/municipios\/wp-json\/wp\/v2\/types\/page"}],"author":[{"embeddable":true,"href":"https:\/\/serbis.es\/municipios\/wp-json\/wp\/v2\/users\/1"}],"replies":[{"embeddable":true,"href":"https:\/\/serbis.es\/municipios\/wp-json\/wp\/v2\/comments?post=6269"}],"version-history":[{"count":95,"href":"https:\/\/serbis.es\/municipios\/wp-json\/wp\/v2\/pages\/6269\/revisions"}],"predecessor-version":[{"id":8343,"href":"https:\/\/serbis.es\/municipios\/wp-json\/wp\/v2\/pages\/6269\/revisions\/8343"}],"wp:attachment":[{"href":"https:\/\/serbis.es\/municipios\/wp-json\/wp\/v2\/media?parent=6269"}],"curies":[{"name":"wp","href":"https:\/\/api.w.org\/{rel}","templated":true}]}}